{"id":823,"date":"2020-10-26T20:11:52","date_gmt":"2020-10-26T20:11:52","guid":{"rendered":"http:\/\/wpa-products.com\/?page_id=823"},"modified":"2020-11-17T12:13:20","modified_gmt":"2020-11-17T11:13:20","slug":"libellula-cut","status":"publish","type":"page","link":"https:\/\/wpa-products.com\/en\/software\/libellula-cut\/","title":{"rendered":"Libellula CUT"},"content":{"rendered":"<h3 class=\"has-text-align-center wp-block-heading\">All geometrical parameters in just One Click.<\/h3>\n\n\n\n<p class=\"has-text-align-center has-very-light-gray-background-color has-background translation-block\" style=\"font-size:18px\">Not just a software but a true corporate philosophy.<br>Libellula is  the system capable of transforming the traditional procedures used in the cutting metal industry  into a new, highly effective process where the highest technology and the most avant-garde programming join together at their best.<\/p>\n\n\n\n<div style=\"height:25px\" aria-hidden=\"true\" class=\"wp-block-spacer\"><\/div>\n\n\n\n<div class=\"wp-block-media-text alignwide is-vertically-aligned-top max-height-image\" style=\"grid-template-columns:24% auto\"><figure class=\"wp-block-media-text__media\"><img loading=\"lazy\" decoding=\"async\" width=\"401\" height=\"400\" src=\"http:\/\/wpa-products.com\/wp-content\/uploads\/2020\/11\/one-click.jpg\" alt=\"\" class=\"wp-image-833\" srcset=\"https:\/\/wpa-products.com\/wp-content\/uploads\/2020\/11\/one-click.jpg 401w, https:\/\/wpa-products.com\/wp-content\/uploads\/2020\/11\/one-click-300x300.jpg 300w, https:\/\/wpa-products.com\/wp-content\/uploads\/2020\/11\/one-click-150x150.jpg 150w, https:\/\/wpa-products.com\/wp-content\/uploads\/2020\/11\/one-click-12x12.jpg 12w\" sizes=\"(max-width: 401px) 100vw, 401px\" \/><\/figure><div class=\"wp-block-media-text__content\">\n<h3 class=\"wp-block-heading\">One-Click<\/h3>\n\n\n\n<p>The One-Click philosophy ends the calculations and typical operational difficulties of waterjet machines. By using technologies that operate in perfect synergy this optimizes your process. This is the result of the best engineering minds in Libellulas R&amp;D department and deep efficiency analysis.<\/p>\n<\/div><\/div>\n\n\n\n<div class=\"wp-block-media-text alignwide is-vertically-aligned-top max-height-image\" style=\"grid-template-columns:24% auto\"><figure class=\"wp-block-media-text__media\"><img loading=\"lazy\" decoding=\"async\" width=\"401\" height=\"401\" src=\"http:\/\/wpa-products.com\/wp-content\/uploads\/2020\/11\/isa.jpg\" alt=\"\" class=\"wp-image-834\" srcset=\"https:\/\/wpa-products.com\/wp-content\/uploads\/2020\/11\/isa.jpg 401w, https:\/\/wpa-products.com\/wp-content\/uploads\/2020\/11\/isa-300x300.jpg 300w, https:\/\/wpa-products.com\/wp-content\/uploads\/2020\/11\/isa-150x150.jpg 150w, https:\/\/wpa-products.com\/wp-content\/uploads\/2020\/11\/isa-12x12.jpg 12w\" sizes=\"(max-width: 401px) 100vw, 401px\" \/><\/figure><div class=\"wp-block-media-text__content\">\n<h3 class=\"wp-block-heading\">Intelligent Shape Analyzer<\/h3>\n\n\n\n<p class=\" translation-block\">The <strong>ISA (Intelligent Shape Analyzer)<\/strong> is the technology that defines the most  suitable positioning for your cutting machine. Unlike ordinary sheet metal cutting software, ISA identifies the most effective nesting methods in order to reduce waste. The software is able to operate autonomously without any intervention of the operator regarding the positioning parameters.<\/p>\n<\/div><\/div>\n\n\n\n<div class=\"wp-block-media-text alignwide is-vertically-aligned-top max-height-image\" style=\"grid-template-columns:24% auto\"><figure class=\"wp-block-media-text__media\"><img loading=\"lazy\" decoding=\"async\" width=\"401\" height=\"401\" src=\"http:\/\/wpa-products.com\/wp-content\/uploads\/2020\/11\/qlc.jpg\" alt=\"\" class=\"wp-image-835\" srcset=\"https:\/\/wpa-products.com\/wp-content\/uploads\/2020\/11\/qlc.jpg 401w, https:\/\/wpa-products.com\/wp-content\/uploads\/2020\/11\/qlc-300x300.jpg 300w, https:\/\/wpa-products.com\/wp-content\/uploads\/2020\/11\/qlc-150x150.jpg 150w, https:\/\/wpa-products.com\/wp-content\/uploads\/2020\/11\/qlc-12x12.jpg 12w\" sizes=\"(max-width: 401px) 100vw, 401px\" \/><\/figure><div class=\"wp-block-media-text__content\">\n<h3 class=\"wp-block-heading\">Quality Level Check<\/h3>\n\n\n\n<p class=\" translation-block\">In the machined metal market accuracy and quality are making the difference: <strong>from here QLC was born, the Quality Level Check of Libellula<\/strong>, verifies the values of the results allowing the entry in production processes only to certain quality parameters. Users will submit the results that are not suitable for the process, and the system will automatically reassign them into production.<\/p>\n<\/div><\/div>\n\n\n\n<div class=\"wp-block-media-text alignwide is-vertically-aligned-top max-height-image\" style=\"grid-template-columns:24% auto\"><figure class=\"wp-block-media-text__media\"><img loading=\"lazy\" decoding=\"async\" width=\"401\" height=\"400\" src=\"http:\/\/wpa-products.com\/wp-content\/uploads\/2020\/11\/rtc.jpg\" alt=\"\" class=\"wp-image-836\" srcset=\"https:\/\/wpa-products.com\/wp-content\/uploads\/2020\/11\/rtc.jpg 401w, https:\/\/wpa-products.com\/wp-content\/uploads\/2020\/11\/rtc-300x300.jpg 300w, https:\/\/wpa-products.com\/wp-content\/uploads\/2020\/11\/rtc-150x150.jpg 150w, https:\/\/wpa-products.com\/wp-content\/uploads\/2020\/11\/rtc-12x12.jpg 12w\" sizes=\"(max-width: 401px) 100vw, 401px\" \/><\/figure><div class=\"wp-block-media-text__content\">\n<h3 class=\"wp-block-heading\">Ready to cut<\/h3>\n\n\n\n<p class=\" translation-block\">The operating arm of <strong>Libellula.CUT<\/strong> system is <strong>RTC (ready to cut).<\/strong> The operator only needs to import the file and Libellula.CUT identifies the best path and the most efficient cutting method. <strong>This results in the best product in the shortest possible time.<\/strong><\/p>\n<\/div><\/div>\n\n\n\n<div style=\"height:100px\" aria-hidden=\"true\" class=\"wp-block-spacer\"><\/div>\n\n\n\n<h2 class=\"wp-block-heading\">Technical Specifications<\/h2>\n\n\n\n<div class=\"wp-block-columns is-layout-flex wp-container-core-columns-is-layout-1 wp-block-columns-is-layout-flex\">\n<div class=\"wp-block-column is-layout-flow wp-block-column-is-layout-flow\">\n<div class=\"wp-block-media-text is-vertically-aligned-top\" style=\"grid-template-columns:20% auto\"><figure class=\"wp-block-media-text__media\"><img loading=\"lazy\" decoding=\"async\" width=\"400\" height=\"401\" src=\"http:\/\/wpa-products.com\/wp-content\/uploads\/2020\/11\/clear.jpg\" alt=\"\" class=\"wp-image-840\" srcset=\"https:\/\/wpa-products.com\/wp-content\/uploads\/2020\/11\/clear.jpg 400w, https:\/\/wpa-products.com\/wp-content\/uploads\/2020\/11\/clear-300x300.jpg 300w, https:\/\/wpa-products.com\/wp-content\/uploads\/2020\/11\/clear-150x150.jpg 150w, https:\/\/wpa-products.com\/wp-content\/uploads\/2020\/11\/clear-12x12.jpg 12w\" sizes=\"(max-width: 400px) 100vw, 400px\" \/><\/figure><div class=\"wp-block-media-text__content\">\n<h4 class=\"wp-block-heading\">Intuitive, Integrated, Automatic beyond borders<\/h4>\n\n\n\n<ul><li>Clear control and immediate learning panel<\/li><li>Automatic processing without any user interference.<\/li><li>Integration with other CAD, ERP and CAM applications.<\/li><li>Perfected for every cutting machine.<\/li><\/ul>\n<\/div><\/div>\n<\/div>\n\n\n\n<div class=\"wp-block-column is-layout-flow wp-block-column-is-layout-flow\">\n<div class=\"wp-block-media-text is-vertically-aligned-top\" style=\"grid-template-columns:20% auto\"><figure class=\"wp-block-media-text__media\"><img loading=\"lazy\" decoding=\"async\" width=\"401\" height=\"401\" src=\"http:\/\/wpa-products.com\/wp-content\/uploads\/2020\/11\/costs.jpg\" alt=\"\" class=\"wp-image-839\" srcset=\"https:\/\/wpa-products.com\/wp-content\/uploads\/2020\/11\/costs.jpg 401w, https:\/\/wpa-products.com\/wp-content\/uploads\/2020\/11\/costs-300x300.jpg 300w, https:\/\/wpa-products.com\/wp-content\/uploads\/2020\/11\/costs-150x150.jpg 150w, https:\/\/wpa-products.com\/wp-content\/uploads\/2020\/11\/costs-12x12.jpg 12w\" sizes=\"(max-width: 401px) 100vw, 401px\" \/><\/figure><div class=\"wp-block-media-text__content\">\n<h4 class=\"wp-block-heading\">Excellent results while reducing costs<\/h4>\n\n\n\n<ul><li>Waste reduction due to refined nesting<\/li><li>Better performance, reduced production time<\/li><li>Reduce the number of piercings needed<\/li><li>Increased lifetime of consumables due to more efficient cutting<\/li><\/ul>\n<\/div><\/div>\n<\/div>\n<\/div>\n\n\n\n<div class=\"wp-block-columns is-layout-flex wp-container-core-columns-is-layout-2 wp-block-columns-is-layout-flex\">\n<div class=\"wp-block-column is-layout-flow wp-block-column-is-layout-flow\">\n<div class=\"wp-block-media-text is-vertically-aligned-top\" style=\"grid-template-columns:20% auto\"><figure class=\"wp-block-media-text__media\"><img loading=\"lazy\" decoding=\"async\" width=\"400\" height=\"400\" src=\"http:\/\/wpa-products.com\/wp-content\/uploads\/2020\/11\/time.jpg\" alt=\"\" class=\"wp-image-838\" srcset=\"https:\/\/wpa-products.com\/wp-content\/uploads\/2020\/11\/time.jpg 400w, https:\/\/wpa-products.com\/wp-content\/uploads\/2020\/11\/time-300x300.jpg 300w, https:\/\/wpa-products.com\/wp-content\/uploads\/2020\/11\/time-150x150.jpg 150w, https:\/\/wpa-products.com\/wp-content\/uploads\/2020\/11\/time-12x12.jpg 12w\" sizes=\"(max-width: 400px) 100vw, 400px\" \/><\/figure><div class=\"wp-block-media-text__content\">\n<h4 class=\"wp-block-heading\">Maximum productivity in the shortest possible time<\/h4>\n\n\n\n<ul><li class=\" translation-block\"><strong>ISA<\/strong> automatisiertes Management f\u00fcr die Ausf\u00fchrung spezifischer Schnitte: Verschachtelung f\u00fcr Mehrkopfschneiden f\u00fcr pr\u00e4zise Ergebnisse und maximale Qualit\u00e4t.<\/li><li>Properties are always verified by QLC, guarantee of excellence.<\/li><li>Each cut can be produced with different qualitative technologies.<\/li><\/ul>\n<\/div><\/div>\n<\/div>\n\n\n\n<div class=\"wp-block-column is-layout-flow wp-block-column-is-layout-flow\">\n<div class=\"wp-block-media-text is-vertically-aligned-top\" style=\"grid-template-columns:20% auto\"><figure class=\"wp-block-media-text__media\"><img loading=\"lazy\" decoding=\"async\" width=\"400\" height=\"401\" src=\"http:\/\/wpa-products.com\/wp-content\/uploads\/2020\/11\/management.jpg\" alt=\"\" class=\"wp-image-842\" srcset=\"https:\/\/wpa-products.com\/wp-content\/uploads\/2020\/11\/management.jpg 400w, https:\/\/wpa-products.com\/wp-content\/uploads\/2020\/11\/management-300x300.jpg 300w, https:\/\/wpa-products.com\/wp-content\/uploads\/2020\/11\/management-150x150.jpg 150w, https:\/\/wpa-products.com\/wp-content\/uploads\/2020\/11\/management-12x12.jpg 12w\" sizes=\"(max-width: 400px) 100vw, 400px\" \/><\/figure><div class=\"wp-block-media-text__content\">\n<h4 class=\"wp-block-heading\">Switch to Libellula \u2013 management of automatic lines FMS<\/h4>\n\n\n\n<ul><li>Automatic Loading\/unloading<\/li><li>Automatic sorting<\/li><li>Automatic collision test<\/li><\/ul>\n<\/div><\/div>\n<\/div>\n<\/div>\n\n\n\n<div class=\"wp-block-columns is-layout-flex wp-container-core-columns-is-layout-3 wp-block-columns-is-layout-flex\">\n<div class=\"wp-block-column is-layout-flow wp-block-column-is-layout-flow\">\n<div class=\"wp-block-media-text is-vertically-aligned-top\" style=\"grid-template-columns:20% auto\"><figure class=\"wp-block-media-text__media\"><img loading=\"lazy\" decoding=\"async\" width=\"401\" height=\"401\" src=\"http:\/\/wpa-products.com\/wp-content\/uploads\/2020\/11\/company-information.jpg\" alt=\"\" class=\"wp-image-841\" srcset=\"https:\/\/wpa-products.com\/wp-content\/uploads\/2020\/11\/company-information.jpg 401w, https:\/\/wpa-products.com\/wp-content\/uploads\/2020\/11\/company-information-300x300.jpg 300w, https:\/\/wpa-products.com\/wp-content\/uploads\/2020\/11\/company-information-150x150.jpg 150w, https:\/\/wpa-products.com\/wp-content\/uploads\/2020\/11\/company-information-12x12.jpg 12w\" sizes=\"(max-width: 401px) 100vw, 401px\" \/><\/figure><div class=\"wp-block-media-text__content\">\n<h4 class=\"wp-block-heading\">Optimized production process<\/h4>\n\n\n\n<ul><li>Fast and immediate production orders with mod.ORDER<\/li><li>Inventory Management of sheet metal and remnant, always supervised with mod.STORAGE<\/li><\/ul>\n<\/div><\/div>\n<\/div>\n\n\n\n<div class=\"wp-block-column is-layout-flow wp-block-column-is-layout-flow\"><\/div>\n<\/div>","protected":false},"excerpt":{"rendered":"<p>Alle geometrischen Parameter mit nur einem Klick. Nicht nur eine Software, sondern eine echte Unternehmensphilosophie.In Libellula.CUT vereinen sich Spitzentechnologie und fortschrittliche Programmierung optimal \u2013 so ist das Programm in der Lage, traditionelle Verfahren der Schneideindustrie hochgradig zu optimieren. Ein Klick Die Ein-Klick-Philosophie beendet die Berechnungen und typischen Schwierigkeiten im Betrieb von Wasserstrahlmaschinen. Durch den Einsatz [&hellip;]<\/p>\n","protected":false},"author":2,"featured_media":844,"parent":819,"menu_order":0,"comment_status":"closed","ping_status":"closed","template":"","meta":{"_acf_changed":false,"ghostkit_customizer_options":"","ghostkit_custom_css":"","ghostkit_custom_js_head":"","ghostkit_custom_js_foot":"","ghostkit_typography":"","site-sidebar-layout":"default","site-content-layout":"default","ast-site-content-layout":"","site-content-style":"default","site-sidebar-style":"default","ast-global-header-display":"","ast-banner-title-visibility":"","ast-main-header-display":"","ast-hfb-above-header-display":"","ast-hfb-below-header-display":"","ast-hfb-mobile-header-display":"","site-post-title":"disabled","ast-breadcrumbs-content":"","ast-featured-img":"","footer-sml-layout":"","theme-transparent-header-meta":"default","adv-header-id-meta":"","stick-header-meta":"default","header-above-stick-meta":"","header-main-stick-meta":"","header-below-stick-meta":"","astra-migrate-meta-layouts":"default","ast-page-background-enabled":"default","ast-page-background-meta":{"desktop":{"background-color":"","background-image":"","background-repeat":"repeat","background-position":"center center","background-size":"auto","background-attachment":"scroll","background-type":"","background-media":"","overlay-type":"","overlay-color":"","overlay-gradient":""},"tablet":{"background-color":"","background-image":"","background-repeat":"repeat","background-position":"center center","background-size":"auto","background-attachment":"scroll","background-type":"","background-media":"","overlay-type":"","overlay-color":"","overlay-gradient":""},"mobile":{"background-color":"","background-image":"","background-repeat":"repeat","background-position":"center center","background-size":"auto","background-attachment":"scroll","background-type":"","background-media":"","overlay-type":"","overlay-color":"","overlay-gradient":""}},"ast-content-background-meta":{"desktop":{"background-color":"var(--ast-global-color-5)","background-image":"","background-repeat":"repeat","background-position":"center center","background-size":"auto","background-attachment":"scroll","background-type":"","background-media":"","overlay-type":"","overlay-color":"","overlay-gradient":""},"tablet":{"background-color":"var(--ast-global-color-5)","background-image":"","background-repeat":"repeat","background-position":"center center","background-size":"auto","background-attachment":"scroll","background-type":"","background-media":"","overlay-type":"","overlay-color":"","overlay-gradient":""},"mobile":{"background-color":"var(--ast-global-color-5)","background-image":"","background-repeat":"repeat","background-position":"center center","background-size":"auto","background-attachment":"scroll","background-type":"","background-media":"","overlay-type":"","overlay-color":"","overlay-gradient":""}},"footnotes":""},"acf":[],"_links":{"self":[{"href":"https:\/\/wpa-products.com\/en\/wp-json\/wp\/v2\/pages\/823"}],"collection":[{"href":"https:\/\/wpa-products.com\/en\/wp-json\/wp\/v2\/pages"}],"about":[{"href":"https:\/\/wpa-products.com\/en\/wp-json\/wp\/v2\/types\/page"}],"author":[{"embeddable":true,"href":"https:\/\/wpa-products.com\/en\/wp-json\/wp\/v2\/users\/2"}],"replies":[{"embeddable":true,"href":"https:\/\/wpa-products.com\/en\/wp-json\/wp\/v2\/comments?post=823"}],"version-history":[{"count":11,"href":"https:\/\/wpa-products.com\/en\/wp-json\/wp\/v2\/pages\/823\/revisions"}],"predecessor-version":[{"id":1058,"href":"https:\/\/wpa-products.com\/en\/wp-json\/wp\/v2\/pages\/823\/revisions\/1058"}],"up":[{"embeddable":true,"href":"https:\/\/wpa-products.com\/en\/wp-json\/wp\/v2\/pages\/819"}],"wp:featuredmedia":[{"embeddable":true,"href":"https:\/\/wpa-products.com\/en\/wp-json\/wp\/v2\/media\/844"}],"wp:attachment":[{"href":"https:\/\/wpa-products.com\/en\/wp-json\/wp\/v2\/media?parent=823"}],"curies":[{"name":"wp","href":"https:\/\/api.w.org\/{rel}","templated":true}]}}