{"id":826,"date":"2020-10-26T20:47:06","date_gmt":"2020-10-26T20:47:06","guid":{"rendered":"http:\/\/wpa-products.com\/?page_id=826"},"modified":"2020-11-17T12:24:55","modified_gmt":"2020-11-17T11:24:55","slug":"libellula-wizard","status":"publish","type":"page","link":"https:\/\/wpa-products.com\/de\/software\/libellula-wizard\/","title":{"rendered":"Libellula WIZARD"},"content":{"rendered":"\n<h3 class=\"has-text-align-center wp-block-heading\">Verschachtelung, Parameter und Maschinenprogrammierung in nur 4 Schritten<\/h3>\n\n\n\n<p class=\"has-text-align-center has-very-light-gray-background-color has-background\" style=\"font-size:18px\"><strong>Libellula.WIZARD<\/strong>, wurde entwickelt, um die beste CAD\/CAM-Anwendung zur Programmierung von Schneidemaschinen jeglicher Art zu sein.<\/p>\n\n\n\n<div style=\"height:100px\" aria-hidden=\"true\" class=\"wp-block-spacer\"><\/div>\n\n\n\n<div class=\"wp-block-media-text alignwide is-vertically-aligned-top max-height-image\" style=\"grid-template-columns:24% auto\"><figure class=\"wp-block-media-text__media\"><img loading=\"lazy\" decoding=\"async\" width=\"401\" height=\"401\" src=\"http:\/\/wpa-products.com\/wp-content\/uploads\/2020\/11\/qlc_2.jpg\" alt=\"\" class=\"wp-image-901\" srcset=\"https:\/\/wpa-products.com\/wp-content\/uploads\/2020\/11\/qlc_2.jpg 401w, https:\/\/wpa-products.com\/wp-content\/uploads\/2020\/11\/qlc_2-300x300.jpg 300w, https:\/\/wpa-products.com\/wp-content\/uploads\/2020\/11\/qlc_2-150x150.jpg 150w, https:\/\/wpa-products.com\/wp-content\/uploads\/2020\/11\/qlc_2-12x12.jpg 12w\" sizes=\"(max-width: 401px) 100vw, 401px\" \/><\/figure><div class=\"wp-block-media-text__content\">\n<h3 class=\"wp-block-heading\">Grenzenlose Geometrie<\/h3>\n\n\n\n<p>Der von Libellula-Ingenieuren und Programmierern entwickelte <strong>Libellula.WIZARD<\/strong> hat das Ziel, die Programmierung von Laserschneidanlagen, Plasmaschneidanlagen, Autogenschneidanlagen und Wasserstrahlschneidanlagen in einem hochmodernen System zu vereinen. Sie zeichnet sich durch vielseitigen Einsatz und die M\u00f6glichkeit auf mehreren Maschinen im Unternehmen eingesetzt zu werden aus. Die drei Versionen von <strong>Libellula.WIZARD<\/strong> verf\u00fcgen \u00fcber Unterscheidungsmerkmale, die den Anforderungen des Produktionsbetriebs entsprechen. Aber sie teilen wichtige Funktionen wie die M\u00f6glichkeit, auf Touch- und Multi-Touchscreen-Terminals verwendet zu werden, importieren <strong>DXF\/DWG<\/strong> und entwickeln spezielle Zeichnungen aus einer Bibliothek von Vorlagen.<\/p>\n\n\n\n<ul><li>Assistent, der die Lernbed\u00fcrfnisse beseitigt: Null-Einarbeitung<\/li><li>Realistische 3D Simulation<\/li><\/ul>\n\n\n\n<p><\/p>\n<\/div><\/div>\n\n\n\n<div class=\"wp-block-columns is-layout-flex wp-container-core-columns-is-layout-1 wp-block-columns-is-layout-flex\">\n<div class=\"wp-block-column is-layout-flow wp-block-column-is-layout-flow\">\n<h2 class=\"wp-block-heading\">Libellula.WIZARD 1:<\/h2>\n\n\n\n<h4 class=\"wp-block-heading\"><strong>Einzelsymbol-CAD\/CAM-Programmiersoftware<\/strong><\/h4>\n\n\n\n<p><strong>Libellula.WIZARD 1<\/strong> kann als Eingabeassistenz angesehen werden. Die Software zur Programmierung von Laserschneidanlagen, Plasma, Autogen und Wasserstrahl, erm\u00f6glicht es Ihnen, <strong>DXF\/DWG-Dateien <\/strong>zu importieren und sie in der Reihenfolge auf einem einzelnen Blech anzuordnen, um den Ausschuss zu minimieren. Die Software hilft dem Anwender bei der Optimierung der EInrichtungszeiten: Der Bediener hat die Aufgabe, die Form des Angriffs und seine Platzierung nur f\u00fcr das erste Detailblatt anzugeben, die anderen werden automatisch ausgef\u00fchrt.<\/p>\n\n\n\n<p>Der Bediener hat die Aufgabe, Parameter w\u00e4hrend des Schneidvorgangs sowie die Eckdaten f\u00fcr die Produktentstehung anzugeben.<\/p>\n<\/div>\n\n\n\n<div class=\"wp-block-column is-layout-flow wp-block-column-is-layout-flow\">\n<h2 class=\"wp-block-heading\">Libellula.WIZARD 2:<\/h2>\n\n\n\n<h4 class=\"wp-block-heading\"><strong>Die CAD\/CAM-Software<br>mit automatischer Verschachtelung<\/strong>.<\/h4>\n\n\n\n<p>Die zweite Konfiguration, die f\u00fcr <strong>Libellula WIZARD<\/strong> zur Verf\u00fcgung steht, sorgt f\u00fcr eine weitere Verbesserung des Produktionsprozesses.<br>Zus\u00e4tzlich zu den Funktionen der ersten Konfiguration kann Ihr Unternehmen<strong> mit WIZARD 2 eine Liste verschiedener Teile zum Schneiden<\/strong> erstellen und deren jeweilige Mengen angeben. Die automatische Verschachtelung identifiziert die beste Positionierung, um den Ausschuss zu minimieren.<\/p>\n<\/div>\n\n\n\n<div class=\"wp-block-column is-layout-flow wp-block-column-is-layout-flow\">\n<h2 class=\"wp-block-heading\">Libellula.WIZARD 3:<\/h2>\n\n\n\n<h4 class=\"wp-block-heading\"><strong><strong>Die CAD\/CAM-Software mit Verschachtelung und automatisch erstelltem Schnittweg<\/strong><\/strong><\/h4>\n\n\n\n<p><strong>Libellula.Wizard 3<\/strong> stellt die <strong>ultimative<\/strong>Software zur Programmierung jeder Art von Schneidemaschine dar. <strong>Libellula.Wizard 3<\/strong> findet automatisch die beste Position f\u00fcr jedes Teil und berechnet den bestm\u00f6glichen Schnittweg. W\u00e4hrend der Bedienereingriff auf Null reduziert wird: <strong>Wizard 3 wird die Fertigungstechnologie und den Arbeitsablauf Ihres Unternehmens massiv voranbringen und verbessern.<\/strong><\/p>\n<\/div>\n<\/div>\n\n\n\n<div style=\"height:100px\" aria-hidden=\"true\" class=\"wp-block-spacer\"><\/div>\n\n\n\n<h2 class=\"wp-block-heading\">Technische Spezifikationen<\/h2>\n\n\n\n<div class=\"wp-block-media-text alignwide\" style=\"grid-template-columns:17% auto\"><figure class=\"wp-block-media-text__media\"><img loading=\"lazy\" decoding=\"async\" width=\"400\" height=\"401\" src=\"http:\/\/wpa-products.com\/wp-content\/uploads\/2020\/11\/management.jpg\" alt=\"\" class=\"wp-image-842\" srcset=\"https:\/\/wpa-products.com\/wp-content\/uploads\/2020\/11\/management.jpg 400w, https:\/\/wpa-products.com\/wp-content\/uploads\/2020\/11\/management-300x300.jpg 300w, https:\/\/wpa-products.com\/wp-content\/uploads\/2020\/11\/management-150x150.jpg 150w, https:\/\/wpa-products.com\/wp-content\/uploads\/2020\/11\/management-12x12.jpg 12w\" sizes=\"(max-width: 400px) 100vw, 400px\" \/><\/figure><div class=\"wp-block-media-text__content\">\n<h4 class=\"wp-block-heading\">Ein technologisch fortschrittliches System, das von den besten Ingenieuren entwickelt wurde.<\/h4>\n\n\n\n<ul><li>Touchscreen-Schnittstelle f\u00fcr einfache Bedienung und Verwaltung auf Touchmonitoren<\/li><li>Intuitive Benutzeroberfl\u00e4che, um die Einarbeitungszeiten auf Null zu reduzieren &#8222;Zero Training Philosophie&#8220;.<\/li><li>Ein Klick Philosophie, die den Zeitaufwand f\u00fcr die Teileerstellung minimiert. Die Software schl\u00e4gt die Vorgehensweise bei der Maschinenprogrammierung vor.<\/li><li>Die Simulation in einer realistischen Umgebung stellt sicher, dass der generierte Produktionsprozess korrekt ist.<\/li><li>Wird mit einer gro\u00dfen Anzahl von h\u00e4ufig verwendet parametrischen Figuren geliefert, um den Produktionszyklus zu beschleunigen.<\/li><\/ul>\n<\/div><\/div>\n","protected":false},"excerpt":{"rendered":"<p>Verschachtelung, Parameter und Maschinenprogrammierung in nur 4 Schritten Libellula.WIZARD, wurde entwickelt, um die beste CAD\/CAM-Anwendung zur Programmierung von Schneidemaschinen jeglicher Art zu sein. Grenzenlose Geometrie Der von Libellula-Ingenieuren und Programmierern entwickelte Libellula.WIZARD hat das Ziel, die Programmierung von Laserschneidanlagen, Plasmaschneidanlagen, Autogenschneidanlagen und Wasserstrahlschneidanlagen in einem hochmodernen System zu vereinen. Sie zeichnet sich durch vielseitigen Einsatz [&hellip;]<\/p>\n","protected":false},"author":2,"featured_media":0,"parent":819,"menu_order":0,"comment_status":"closed","ping_status":"closed","template":"","meta":{"_acf_changed":false,"ghostkit_customizer_options":"","ghostkit_custom_css":"","ghostkit_custom_js_head":"","ghostkit_custom_js_foot":"","ghostkit_typography":"","site-sidebar-layout":"default","site-content-layout":"default","ast-site-content-layout":"","site-content-style":"default","site-sidebar-style":"default","ast-global-header-display":"","ast-banner-title-visibility":"","ast-main-header-display":"","ast-hfb-above-header-display":"","ast-hfb-below-header-display":"","ast-hfb-mobile-header-display":"","site-post-title":"","ast-breadcrumbs-content":"","ast-featured-img":"","footer-sml-layout":"","theme-transparent-header-meta":"default","adv-header-id-meta":"","stick-header-meta":"default","header-above-stick-meta":"","header-main-stick-meta":"","header-below-stick-meta":"","astra-migrate-meta-layouts":"default","ast-page-background-enabled":"default","ast-page-background-meta":{"desktop":{"background-color":"","background-image":"","background-repeat":"repeat","background-position":"center center","background-size":"auto","background-attachment":"scroll","background-type":"","background-media":"","overlay-type":"","overlay-color":"","overlay-gradient":""},"tablet":{"background-color":"","background-image":"","background-repeat":"repeat","background-position":"center center","background-size":"auto","background-attachment":"scroll","background-type":"","background-media":"","overlay-type":"","overlay-color":"","overlay-gradient":""},"mobile":{"background-color":"","background-image":"","background-repeat":"repeat","background-position":"center center","background-size":"auto","background-attachment":"scroll","background-type":"","background-media":"","overlay-type":"","overlay-color":"","overlay-gradient":""}},"ast-content-background-meta":{"desktop":{"background-color":"var(--ast-global-color-5)","background-image":"","background-repeat":"repeat","background-position":"center center","background-size":"auto","background-attachment":"scroll","background-type":"","background-media":"","overlay-type":"","overlay-color":"","overlay-gradient":""},"tablet":{"background-color":"var(--ast-global-color-5)","background-image":"","background-repeat":"repeat","background-position":"center center","background-size":"auto","background-attachment":"scroll","background-type":"","background-media":"","overlay-type":"","overlay-color":"","overlay-gradient":""},"mobile":{"background-color":"var(--ast-global-color-5)","background-image":"","background-repeat":"repeat","background-position":"center center","background-size":"auto","background-attachment":"scroll","background-type":"","background-media":"","overlay-type":"","overlay-color":"","overlay-gradient":""}},"footnotes":""},"acf":[],"_links":{"self":[{"href":"https:\/\/wpa-products.com\/de\/wp-json\/wp\/v2\/pages\/826"}],"collection":[{"href":"https:\/\/wpa-products.com\/de\/wp-json\/wp\/v2\/pages"}],"about":[{"href":"https:\/\/wpa-products.com\/de\/wp-json\/wp\/v2\/types\/page"}],"author":[{"embeddable":true,"href":"https:\/\/wpa-products.com\/de\/wp-json\/wp\/v2\/users\/2"}],"replies":[{"embeddable":true,"href":"https:\/\/wpa-products.com\/de\/wp-json\/wp\/v2\/comments?post=826"}],"version-history":[{"count":5,"href":"https:\/\/wpa-products.com\/de\/wp-json\/wp\/v2\/pages\/826\/revisions"}],"predecessor-version":[{"id":1062,"href":"https:\/\/wpa-products.com\/de\/wp-json\/wp\/v2\/pages\/826\/revisions\/1062"}],"up":[{"embeddable":true,"href":"https:\/\/wpa-products.com\/de\/wp-json\/wp\/v2\/pages\/819"}],"wp:attachment":[{"href":"https:\/\/wpa-products.com\/de\/wp-json\/wp\/v2\/media?parent=826"}],"curies":[{"name":"wp","href":"https:\/\/api.w.org\/{rel}","templated":true}]}}