{"id":823,"date":"2020-10-26T20:11:52","date_gmt":"2020-10-26T20:11:52","guid":{"rendered":"http:\/\/wpa-products.com\/?page_id=823"},"modified":"2020-11-17T12:13:20","modified_gmt":"2020-11-17T11:13:20","slug":"libellula-cut","status":"publish","type":"page","link":"https:\/\/wpa-products.com\/de\/software\/libellula-cut\/","title":{"rendered":"Libellula CUT"},"content":{"rendered":"\n<h3 class=\"has-text-align-center wp-block-heading\">Alle geometrischen Parameter mit nur einem Klick.<\/h3>\n\n\n\n<p class=\"has-text-align-center has-very-light-gray-background-color has-background\" style=\"font-size:18px\">Nicht nur eine Software, sondern eine echte Unternehmensphilosophie.<br>In Libellula.CUT vereinen sich Spitzentechnologie und fortschrittliche Programmierung optimal \u2013 so ist das Programm in der Lage, traditionelle Verfahren der Schneideindustrie hochgradig zu optimieren.<\/p>\n\n\n\n<div style=\"height:25px\" aria-hidden=\"true\" class=\"wp-block-spacer\"><\/div>\n\n\n\n<div class=\"wp-block-media-text alignwide is-vertically-aligned-top max-height-image\" style=\"grid-template-columns:24% auto\"><figure class=\"wp-block-media-text__media\"><img loading=\"lazy\" decoding=\"async\" width=\"401\" height=\"400\" src=\"http:\/\/wpa-products.com\/wp-content\/uploads\/2020\/11\/one-click.jpg\" alt=\"\" class=\"wp-image-833\" srcset=\"https:\/\/wpa-products.com\/wp-content\/uploads\/2020\/11\/one-click.jpg 401w, https:\/\/wpa-products.com\/wp-content\/uploads\/2020\/11\/one-click-300x300.jpg 300w, https:\/\/wpa-products.com\/wp-content\/uploads\/2020\/11\/one-click-150x150.jpg 150w, https:\/\/wpa-products.com\/wp-content\/uploads\/2020\/11\/one-click-12x12.jpg 12w\" sizes=\"(max-width: 401px) 100vw, 401px\" \/><\/figure><div class=\"wp-block-media-text__content\">\n<h3 class=\"wp-block-heading\">Ein Klick<\/h3>\n\n\n\n<p>Die Ein-Klick-Philosophie beendet die Berechnungen und typischen Schwierigkeiten im Betrieb von Wasserstrahlmaschinen. Durch den Einsatz von Technologien, die perfekt zusammen arbeiten, wird Ihr Prozess optimiert. Dies ist das Ergebnis der besten Ingenieure in der Forschungs- und Entwicklungsabteilung von Libellula und einer umfassenden Effizienzanalyse.<\/p>\n<\/div><\/div>\n\n\n\n<div class=\"wp-block-media-text alignwide is-vertically-aligned-top max-height-image\" style=\"grid-template-columns:24% auto\"><figure class=\"wp-block-media-text__media\"><img loading=\"lazy\" decoding=\"async\" width=\"401\" height=\"401\" src=\"http:\/\/wpa-products.com\/wp-content\/uploads\/2020\/11\/isa.jpg\" alt=\"\" class=\"wp-image-834\" srcset=\"https:\/\/wpa-products.com\/wp-content\/uploads\/2020\/11\/isa.jpg 401w, https:\/\/wpa-products.com\/wp-content\/uploads\/2020\/11\/isa-300x300.jpg 300w, https:\/\/wpa-products.com\/wp-content\/uploads\/2020\/11\/isa-150x150.jpg 150w, https:\/\/wpa-products.com\/wp-content\/uploads\/2020\/11\/isa-12x12.jpg 12w\" sizes=\"(max-width: 401px) 100vw, 401px\" \/><\/figure><div class=\"wp-block-media-text__content\">\n<h3 class=\"wp-block-heading\">Intelligente Form Analyse<\/h3>\n\n\n\n<p>Die <strong>ISA-Technologie (Intelligente Form-Analyse)<\/strong> definiert die beste Positionierung f\u00fcr Ihre Schneidemaschine. Im Gegensatz zu herk\u00f6mmlichen Blechschneidprogrammen identifiziert ISA die effektivsten Schachtelungsmethoden, um den Ausschuss zu minimieren. Die Software ist in der Lage, autonom zu arbeiten, ohne dass der Bediener in Bezug auf die Positionierungsparameter eingreift.<\/p>\n<\/div><\/div>\n\n\n\n<div class=\"wp-block-media-text alignwide is-vertically-aligned-top max-height-image\" style=\"grid-template-columns:24% auto\"><figure class=\"wp-block-media-text__media\"><img loading=\"lazy\" decoding=\"async\" width=\"401\" height=\"401\" src=\"http:\/\/wpa-products.com\/wp-content\/uploads\/2020\/11\/qlc.jpg\" alt=\"\" class=\"wp-image-835\" srcset=\"https:\/\/wpa-products.com\/wp-content\/uploads\/2020\/11\/qlc.jpg 401w, https:\/\/wpa-products.com\/wp-content\/uploads\/2020\/11\/qlc-300x300.jpg 300w, https:\/\/wpa-products.com\/wp-content\/uploads\/2020\/11\/qlc-150x150.jpg 150w, https:\/\/wpa-products.com\/wp-content\/uploads\/2020\/11\/qlc-12x12.jpg 12w\" sizes=\"(max-width: 401px) 100vw, 401px\" \/><\/figure><div class=\"wp-block-media-text__content\">\n<h3 class=\"wp-block-heading\">Qualit\u00e4tssicherung<\/h3>\n\n\n\n<p>Auf dem Markt f\u00fcr maschinell bearbeitete Metalle machen Genauigkeit und Qualit\u00e4t den Unterschied aus: <strong>hier wurde QLC geboren, der Quality Level Check (Qualit\u00e4tsicherung) von Libellula,<\/strong> verifiziert die Werte der Ergebnisse, die den Eintritt in den Produktionsprozess nur zu bestimmten Qualit\u00e4tsparametern erlauben. Die Benutzer reichen die Ergebnisse ein, die f\u00fcr den Prozess nicht geeignet sind, und das System ordnet sie automatisch der Produktion zu.<\/p>\n<\/div><\/div>\n\n\n\n<div class=\"wp-block-media-text alignwide is-vertically-aligned-top max-height-image\" style=\"grid-template-columns:24% auto\"><figure class=\"wp-block-media-text__media\"><img loading=\"lazy\" decoding=\"async\" width=\"401\" height=\"400\" src=\"http:\/\/wpa-products.com\/wp-content\/uploads\/2020\/11\/rtc.jpg\" alt=\"\" class=\"wp-image-836\" srcset=\"https:\/\/wpa-products.com\/wp-content\/uploads\/2020\/11\/rtc.jpg 401w, https:\/\/wpa-products.com\/wp-content\/uploads\/2020\/11\/rtc-300x300.jpg 300w, https:\/\/wpa-products.com\/wp-content\/uploads\/2020\/11\/rtc-150x150.jpg 150w, https:\/\/wpa-products.com\/wp-content\/uploads\/2020\/11\/rtc-12x12.jpg 12w\" sizes=\"(max-width: 401px) 100vw, 401px\" \/><\/figure><div class=\"wp-block-media-text__content\">\n<h3 class=\"wp-block-heading\">Schnittbereit \u2013\u00a0Ready to cut (RTC)<\/h3>\n\n\n\n<p>Der Bediener muss nur die Datei importieren und Libellula.CUT ermittelt den besten Weg und die effizienteste Schneidmethode. <strong>Das ergibt das beste Produkt in k\u00fcrzester Zeit.<\/strong><\/p>\n<\/div><\/div>\n\n\n\n<div style=\"height:100px\" aria-hidden=\"true\" class=\"wp-block-spacer\"><\/div>\n\n\n\n<h2 class=\"wp-block-heading\">Technische Spezifikationen<\/h2>\n\n\n\n<div class=\"wp-block-columns is-layout-flex wp-container-core-columns-is-layout-1 wp-block-columns-is-layout-flex\">\n<div class=\"wp-block-column is-layout-flow wp-block-column-is-layout-flow\">\n<div class=\"wp-block-media-text is-vertically-aligned-top\" style=\"grid-template-columns:20% auto\"><figure class=\"wp-block-media-text__media\"><img loading=\"lazy\" decoding=\"async\" width=\"400\" height=\"401\" src=\"http:\/\/wpa-products.com\/wp-content\/uploads\/2020\/11\/clear.jpg\" alt=\"\" class=\"wp-image-840\" srcset=\"https:\/\/wpa-products.com\/wp-content\/uploads\/2020\/11\/clear.jpg 400w, https:\/\/wpa-products.com\/wp-content\/uploads\/2020\/11\/clear-300x300.jpg 300w, https:\/\/wpa-products.com\/wp-content\/uploads\/2020\/11\/clear-150x150.jpg 150w, https:\/\/wpa-products.com\/wp-content\/uploads\/2020\/11\/clear-12x12.jpg 12w\" sizes=\"(max-width: 400px) 100vw, 400px\" \/><\/figure><div class=\"wp-block-media-text__content\">\n<h4 class=\"wp-block-heading\">Intuitiv, integriert und automatisiert<\/h4>\n\n\n\n<ul><li>\u00dcbersichtliche Steuerung und sofortiges Einlernen<\/li><li>Automatische Verarbeitung ohne Benutzereingriff.<\/li><li>Integration mit anderen CAD-, ERP- und CAM-Anwendungen.<\/li><li>Perfekt f\u00fcr jede Schneidemaschine.<\/li><\/ul>\n<\/div><\/div>\n<\/div>\n\n\n\n<div class=\"wp-block-column is-layout-flow wp-block-column-is-layout-flow\">\n<div class=\"wp-block-media-text is-vertically-aligned-top\" style=\"grid-template-columns:20% auto\"><figure class=\"wp-block-media-text__media\"><img loading=\"lazy\" decoding=\"async\" width=\"401\" height=\"401\" src=\"http:\/\/wpa-products.com\/wp-content\/uploads\/2020\/11\/costs.jpg\" alt=\"\" class=\"wp-image-839\" srcset=\"https:\/\/wpa-products.com\/wp-content\/uploads\/2020\/11\/costs.jpg 401w, https:\/\/wpa-products.com\/wp-content\/uploads\/2020\/11\/costs-300x300.jpg 300w, https:\/\/wpa-products.com\/wp-content\/uploads\/2020\/11\/costs-150x150.jpg 150w, https:\/\/wpa-products.com\/wp-content\/uploads\/2020\/11\/costs-12x12.jpg 12w\" sizes=\"(max-width: 401px) 100vw, 401px\" \/><\/figure><div class=\"wp-block-media-text__content\">\n<h4 class=\"wp-block-heading\">Hervorragende Ergebnisse bei gesenkten Kosten<\/h4>\n\n\n\n<ul><li>Reduzierter Abfall durch verfeinerte Verschachtelung<\/li><li>Bessere Leistung, k\u00fcrzere Produktionszeit<\/li><li>Reduzierung der Anzahl der ben\u00f6tigten Durchstiche<\/li><li>Erh\u00f6hte Lebensdauer der Verbrauchsmaterialien durch effektiveres Schneiden<\/li><\/ul>\n<\/div><\/div>\n<\/div>\n<\/div>\n\n\n\n<div class=\"wp-block-columns is-layout-flex wp-container-core-columns-is-layout-2 wp-block-columns-is-layout-flex\">\n<div class=\"wp-block-column is-layout-flow wp-block-column-is-layout-flow\">\n<div class=\"wp-block-media-text is-vertically-aligned-top\" style=\"grid-template-columns:20% auto\"><figure class=\"wp-block-media-text__media\"><img loading=\"lazy\" decoding=\"async\" width=\"400\" height=\"400\" src=\"http:\/\/wpa-products.com\/wp-content\/uploads\/2020\/11\/time.jpg\" alt=\"\" class=\"wp-image-838\" srcset=\"https:\/\/wpa-products.com\/wp-content\/uploads\/2020\/11\/time.jpg 400w, https:\/\/wpa-products.com\/wp-content\/uploads\/2020\/11\/time-300x300.jpg 300w, https:\/\/wpa-products.com\/wp-content\/uploads\/2020\/11\/time-150x150.jpg 150w, https:\/\/wpa-products.com\/wp-content\/uploads\/2020\/11\/time-12x12.jpg 12w\" sizes=\"(max-width: 400px) 100vw, 400px\" \/><\/figure><div class=\"wp-block-media-text__content\">\n<h4 class=\"wp-block-heading\">Maximale Produktivit\u00e4t in k\u00fcrzester Zeit<\/h4>\n\n\n\n<ul><li><strong>ISA<\/strong> automatisiertes Management f\u00fcr die Ausf\u00fchrung spezifischer Schnitte: Verschachtelung f\u00fcr Mehrkopfschneiden f\u00fcr pr\u00e4zise Ergebnisse und maximale Qualit\u00e4t.<\/li><li>Eigenschaften werden immer von QLC verifiziert, ein Garantierter Erfolg.<\/li><li>Jeder Schnitt kann mit verschiedenen qualitativen Technologien hergestellt werden.<\/li><\/ul>\n<\/div><\/div>\n<\/div>\n\n\n\n<div class=\"wp-block-column is-layout-flow wp-block-column-is-layout-flow\">\n<div class=\"wp-block-media-text is-vertically-aligned-top\" style=\"grid-template-columns:20% auto\"><figure class=\"wp-block-media-text__media\"><img loading=\"lazy\" decoding=\"async\" width=\"400\" height=\"401\" src=\"http:\/\/wpa-products.com\/wp-content\/uploads\/2020\/11\/management.jpg\" alt=\"\" class=\"wp-image-842\" srcset=\"https:\/\/wpa-products.com\/wp-content\/uploads\/2020\/11\/management.jpg 400w, https:\/\/wpa-products.com\/wp-content\/uploads\/2020\/11\/management-300x300.jpg 300w, https:\/\/wpa-products.com\/wp-content\/uploads\/2020\/11\/management-150x150.jpg 150w, https:\/\/wpa-products.com\/wp-content\/uploads\/2020\/11\/management-12x12.jpg 12w\" sizes=\"(max-width: 400px) 100vw, 400px\" \/><\/figure><div class=\"wp-block-media-text__content\">\n<h4 class=\"wp-block-heading\">Wechseln Sie zu Libellula &#8211; Automatisierte Verwaltung von flexiblen Fertigungssystemen<\/h4>\n\n\n\n<ul><li>Automatisches Be- und Entladen<\/li><li>Automatisiertes Sortieren<\/li><li>Automatisierter Kollisionstest<\/li><\/ul>\n<\/div><\/div>\n<\/div>\n<\/div>\n\n\n\n<div class=\"wp-block-columns is-layout-flex wp-container-core-columns-is-layout-3 wp-block-columns-is-layout-flex\">\n<div class=\"wp-block-column is-layout-flow wp-block-column-is-layout-flow\">\n<div class=\"wp-block-media-text is-vertically-aligned-top\" style=\"grid-template-columns:20% auto\"><figure class=\"wp-block-media-text__media\"><img loading=\"lazy\" decoding=\"async\" width=\"401\" height=\"401\" src=\"http:\/\/wpa-products.com\/wp-content\/uploads\/2020\/11\/company-information.jpg\" alt=\"\" class=\"wp-image-841\" srcset=\"https:\/\/wpa-products.com\/wp-content\/uploads\/2020\/11\/company-information.jpg 401w, https:\/\/wpa-products.com\/wp-content\/uploads\/2020\/11\/company-information-300x300.jpg 300w, https:\/\/wpa-products.com\/wp-content\/uploads\/2020\/11\/company-information-150x150.jpg 150w, https:\/\/wpa-products.com\/wp-content\/uploads\/2020\/11\/company-information-12x12.jpg 12w\" sizes=\"(max-width: 401px) 100vw, 401px\" \/><\/figure><div class=\"wp-block-media-text__content\">\n<h4 class=\"wp-block-heading\">Optimierter Produktionsprozess<\/h4>\n\n\n\n<ul><li>Schnelle und sofortige verarbeitung von Produktionsauftr\u00e4gen mit mod.ORDER<\/li><li>Bestandsf\u00fchrung von Blechen und Resten, immer unter Kontrolle mit mod.STORAGE<\/li><\/ul>\n<\/div><\/div>\n<\/div>\n\n\n\n<div class=\"wp-block-column is-layout-flow wp-block-column-is-layout-flow\"><\/div>\n<\/div>\n","protected":false},"excerpt":{"rendered":"<p>Alle geometrischen Parameter mit nur einem Klick. Nicht nur eine Software, sondern eine echte Unternehmensphilosophie.In Libellula.CUT vereinen sich Spitzentechnologie und fortschrittliche Programmierung optimal \u2013 so ist das Programm in der Lage, traditionelle Verfahren der Schneideindustrie hochgradig zu optimieren. Ein Klick Die Ein-Klick-Philosophie beendet die Berechnungen und typischen Schwierigkeiten im Betrieb von Wasserstrahlmaschinen. Durch den Einsatz [&hellip;]<\/p>\n","protected":false},"author":2,"featured_media":844,"parent":819,"menu_order":0,"comment_status":"closed","ping_status":"closed","template":"","meta":{"_acf_changed":false,"ghostkit_customizer_options":"","ghostkit_custom_css":"","ghostkit_custom_js_head":"","ghostkit_custom_js_foot":"","ghostkit_typography":"","site-sidebar-layout":"default","site-content-layout":"default","ast-site-content-layout":"","site-content-style":"default","site-sidebar-style":"default","ast-global-header-display":"","ast-banner-title-visibility":"","ast-main-header-display":"","ast-hfb-above-header-display":"","ast-hfb-below-header-display":"","ast-hfb-mobile-header-display":"","site-post-title":"disabled","ast-breadcrumbs-content":"","ast-featured-img":"","footer-sml-layout":"","theme-transparent-header-meta":"default","adv-header-id-meta":"","stick-header-meta":"default","header-above-stick-meta":"","header-main-stick-meta":"","header-below-stick-meta":"","astra-migrate-meta-layouts":"default","ast-page-background-enabled":"default","ast-page-background-meta":{"desktop":{"background-color":"","background-image":"","background-repeat":"repeat","background-position":"center center","background-size":"auto","background-attachment":"scroll","background-type":"","background-media":"","overlay-type":"","overlay-color":"","overlay-gradient":""},"tablet":{"background-color":"","background-image":"","background-repeat":"repeat","background-position":"center center","background-size":"auto","background-attachment":"scroll","background-type":"","background-media":"","overlay-type":"","overlay-color":"","overlay-gradient":""},"mobile":{"background-color":"","background-image":"","background-repeat":"repeat","background-position":"center center","background-size":"auto","background-attachment":"scroll","background-type":"","background-media":"","overlay-type":"","overlay-color":"","overlay-gradient":""}},"ast-content-background-meta":{"desktop":{"background-color":"var(--ast-global-color-5)","background-image":"","background-repeat":"repeat","background-position":"center center","background-size":"auto","background-attachment":"scroll","background-type":"","background-media":"","overlay-type":"","overlay-color":"","overlay-gradient":""},"tablet":{"background-color":"var(--ast-global-color-5)","background-image":"","background-repeat":"repeat","background-position":"center center","background-size":"auto","background-attachment":"scroll","background-type":"","background-media":"","overlay-type":"","overlay-color":"","overlay-gradient":""},"mobile":{"background-color":"var(--ast-global-color-5)","background-image":"","background-repeat":"repeat","background-position":"center center","background-size":"auto","background-attachment":"scroll","background-type":"","background-media":"","overlay-type":"","overlay-color":"","overlay-gradient":""}},"footnotes":""},"acf":[],"_links":{"self":[{"href":"https:\/\/wpa-products.com\/de\/wp-json\/wp\/v2\/pages\/823"}],"collection":[{"href":"https:\/\/wpa-products.com\/de\/wp-json\/wp\/v2\/pages"}],"about":[{"href":"https:\/\/wpa-products.com\/de\/wp-json\/wp\/v2\/types\/page"}],"author":[{"embeddable":true,"href":"https:\/\/wpa-products.com\/de\/wp-json\/wp\/v2\/users\/2"}],"replies":[{"embeddable":true,"href":"https:\/\/wpa-products.com\/de\/wp-json\/wp\/v2\/comments?post=823"}],"version-history":[{"count":11,"href":"https:\/\/wpa-products.com\/de\/wp-json\/wp\/v2\/pages\/823\/revisions"}],"predecessor-version":[{"id":1058,"href":"https:\/\/wpa-products.com\/de\/wp-json\/wp\/v2\/pages\/823\/revisions\/1058"}],"up":[{"embeddable":true,"href":"https:\/\/wpa-products.com\/de\/wp-json\/wp\/v2\/pages\/819"}],"wp:featuredmedia":[{"embeddable":true,"href":"https:\/\/wpa-products.com\/de\/wp-json\/wp\/v2\/media\/844"}],"wp:attachment":[{"href":"https:\/\/wpa-products.com\/de\/wp-json\/wp\/v2\/media?parent=823"}],"curies":[{"name":"wp","href":"https:\/\/api.w.org\/{rel}","templated":true}]}}