{"id":821,"date":"2020-10-26T20:09:55","date_gmt":"2020-10-26T20:09:55","guid":{"rendered":"http:\/\/wpa-products.com\/?page_id=821"},"modified":"2020-11-17T13:56:55","modified_gmt":"2020-11-17T12:56:55","slug":"libellula-nexting","status":"publish","type":"page","link":"https:\/\/wpa-products.com\/de\/software\/libellula-nexting\/","title":{"rendered":"Libellula NeXting"},"content":{"rendered":"\n<h3 class=\"has-text-align-center wp-block-heading\">Die Zukunft des Nesting. Heute.<\/h3>\n\n\n\n<p class=\"has-text-align-center has-very-light-gray-background-color has-background\" style=\"font-size:18px\"> <strong>Libellula NeXting<\/strong> ist das neue, fortschrittliche Verschachtelungssystem, in dem sich wichtige Merkmale wie <strong>Genauigkeit, Innovation und Geschwindigkeit<\/strong> wie nie zuvor treffen. <strong>NeXting<\/strong> ist eine Software, die die Leistung jeder Schneidemaschine verbessern kann.<\/p>\n\n\n\n<div style=\"height:100px\" aria-hidden=\"true\" class=\"wp-block-spacer\"><\/div>\n\n\n\n<div class=\"wp-block-media-text alignwide is-vertically-aligned-top max-height-image\" style=\"grid-template-columns:24% auto\"><figure class=\"wp-block-media-text__media\"><img loading=\"lazy\" decoding=\"async\" width=\"401\" height=\"401\" src=\"http:\/\/wpa-products.com\/wp-content\/uploads\/2020\/11\/gearwheel.jpg\" alt=\"\" class=\"wp-image-898\" srcset=\"https:\/\/wpa-products.com\/wp-content\/uploads\/2020\/11\/gearwheel.jpg 401w, https:\/\/wpa-products.com\/wp-content\/uploads\/2020\/11\/gearwheel-300x300.jpg 300w, https:\/\/wpa-products.com\/wp-content\/uploads\/2020\/11\/gearwheel-150x150.jpg 150w, https:\/\/wpa-products.com\/wp-content\/uploads\/2020\/11\/gearwheel-12x12.jpg 12w\" sizes=\"(max-width: 401px) 100vw, 401px\" \/><\/figure><div class=\"wp-block-media-text__content\">\n<h3 class=\"wp-block-heading\">Grenzenlose Geometrie<\/h3>\n\n\n\n<p><strong>NeXting <\/strong>dient der Verbesserung von Schachtelungsmethoden, um ein konkurrenzloses Ma\u00df an Perfektion zu erreichen. <strong>NeXting <\/strong>umfasst verschiedene Bereiche des industriellen Produktionsprozesses entlang der Geometrie der Modelle. Mit <strong>NeXting<\/strong> werden Layouts und komplexe Details zu einer optimalen Verschachtelung kombiniert. Der daraus resultierende Weg f\u00fchrt zu einem perfekten Produkt aus funktionaler und finanzieller Sicht bei optimaler Effizienz.<\/p>\n<\/div><\/div>\n\n\n\n<div class=\"wp-block-media-text alignwide is-vertically-aligned-top max-height-image\" style=\"grid-template-columns:24% auto\"><figure class=\"wp-block-media-text__media\"><img loading=\"lazy\" decoding=\"async\" width=\"401\" height=\"401\" src=\"http:\/\/wpa-products.com\/wp-content\/uploads\/2020\/11\/qlc_2.jpg\" alt=\"\" class=\"wp-image-901\" srcset=\"https:\/\/wpa-products.com\/wp-content\/uploads\/2020\/11\/qlc_2.jpg 401w, https:\/\/wpa-products.com\/wp-content\/uploads\/2020\/11\/qlc_2-300x300.jpg 300w, https:\/\/wpa-products.com\/wp-content\/uploads\/2020\/11\/qlc_2-150x150.jpg 150w, https:\/\/wpa-products.com\/wp-content\/uploads\/2020\/11\/qlc_2-12x12.jpg 12w\" sizes=\"(max-width: 401px) 100vw, 401px\" \/><\/figure><div class=\"wp-block-media-text__content\">\n<h3 class=\"wp-block-heading\">Exzellenz und Qualit\u00e4t<\/h3>\n\n\n\n<p><strong>Libellula.NeXting<\/strong> ist eine marktf\u00fchrende Schachtelungssoftware. Im Vergleich zu den g\u00e4ngigen Schachtelungsverfahren kann <strong>NeXting<\/strong> die Ergebnisse um bis zu 15% verbessern, wie von Analysten best\u00e4tigt. Ein derart verbesserter Schachtelungsprozess f\u00fchrt zu Einsparungen und Produktionssteigerungen in industriellen Produktionssystemen.<\/p>\n<\/div><\/div>\n\n\n\n<div class=\"wp-block-media-text alignwide is-vertically-aligned-top max-height-image\" style=\"grid-template-columns:24% auto\"><figure class=\"wp-block-media-text__media\"><img loading=\"lazy\" decoding=\"async\" width=\"400\" height=\"401\" src=\"http:\/\/wpa-products.com\/wp-content\/uploads\/2020\/11\/magnifier.jpg\" alt=\"\" class=\"wp-image-897\" srcset=\"https:\/\/wpa-products.com\/wp-content\/uploads\/2020\/11\/magnifier.jpg 400w, https:\/\/wpa-products.com\/wp-content\/uploads\/2020\/11\/magnifier-300x300.jpg 300w, https:\/\/wpa-products.com\/wp-content\/uploads\/2020\/11\/magnifier-150x150.jpg 150w, https:\/\/wpa-products.com\/wp-content\/uploads\/2020\/11\/magnifier-12x12.jpg 12w\" sizes=\"(max-width: 400px) 100vw, 400px\" \/><\/figure><div class=\"wp-block-media-text__content\">\n<h3 class=\"wp-block-heading\">Die Effizienz steckt im Detail<\/h3>\n\n\n\n<p>Die Pr\u00e4zision in <strong>NeXting<\/strong> entspricht der effektiven Nutzung des Rohmaterials: Die F\u00e4higkeit, die Schachtelungspfade auf verschiedenen Formaten zu beschreiben, macht dieses Modul zu einem leistungsstarken Universalwerkzeug. Diese Funktionen werden der M\u00f6glichkeit hinzugef\u00fcgt, bestehende Schachtelungspfade zu importieren, was zu unmittelbaren wirtschaftlichen Vorteilen f\u00fchrt.<\/p>\n<\/div><\/div>\n\n\n\n<div class=\"wp-block-media-text alignwide is-vertically-aligned-top max-height-image\" style=\"grid-template-columns:24% auto\"><figure class=\"wp-block-media-text__media\"><img loading=\"lazy\" decoding=\"async\" width=\"401\" height=\"401\" src=\"http:\/\/wpa-products.com\/wp-content\/uploads\/2020\/11\/graph.jpg\" alt=\"\" class=\"wp-image-896\" srcset=\"https:\/\/wpa-products.com\/wp-content\/uploads\/2020\/11\/graph.jpg 401w, https:\/\/wpa-products.com\/wp-content\/uploads\/2020\/11\/graph-300x300.jpg 300w, https:\/\/wpa-products.com\/wp-content\/uploads\/2020\/11\/graph-150x150.jpg 150w, https:\/\/wpa-products.com\/wp-content\/uploads\/2020\/11\/graph-12x12.jpg 12w\" sizes=\"(max-width: 401px) 100vw, 401px\" \/><\/figure><div class=\"wp-block-media-text__content\">\n<h3 class=\"wp-block-heading\">Modernste Technologie<\/h3>\n\n\n\n<p>F\u00fcr <strong>NeXting<\/strong> hat sich Libellula auf die neuesten, im Bereich der Informatik bekannten Technologien konzentriert, d.h. auf die der 64-Bit-Software, die auf einer Multicore-Plattform agieren, um die Berechnung von Schachtelpfaden zu beschleunigen.<\/p>\n<\/div><\/div>\n\n\n\n<div style=\"height:100px\" aria-hidden=\"true\" class=\"wp-block-spacer\"><\/div>\n\n\n\n<h2 class=\"wp-block-heading\">Technische Spezifikationen<\/h2>\n\n\n\n<div class=\"wp-block-columns is-layout-flex wp-container-core-columns-is-layout-1 wp-block-columns-is-layout-flex\">\n<div class=\"wp-block-column is-layout-flow wp-block-column-is-layout-flow\">\n<div class=\"wp-block-media-text is-vertically-aligned-top\" style=\"grid-template-columns:20% auto\"><figure class=\"wp-block-media-text__media\"><img loading=\"lazy\" decoding=\"async\" width=\"401\" height=\"401\" src=\"http:\/\/wpa-products.com\/wp-content\/uploads\/2020\/11\/monitoring.jpg\" alt=\"\" class=\"wp-image-895\" srcset=\"https:\/\/wpa-products.com\/wp-content\/uploads\/2020\/11\/monitoring.jpg 401w, https:\/\/wpa-products.com\/wp-content\/uploads\/2020\/11\/monitoring-300x300.jpg 300w, https:\/\/wpa-products.com\/wp-content\/uploads\/2020\/11\/monitoring-150x150.jpg 150w, https:\/\/wpa-products.com\/wp-content\/uploads\/2020\/11\/monitoring-12x12.jpg 12w\" sizes=\"(max-width: 401px) 100vw, 401px\" \/><\/figure><div class=\"wp-block-media-text__content\">\n<h4 class=\"wp-block-heading\">Die Zukunft des Nesting. Jetzt.<\/h4>\n\n\n\n<ul><li>Einsatz von Hochleistungstechnologie<\/li><li>Verwaltung komplexer Teile<\/li><li>Fortgeschrittene Verschachtelung jeglicher Art<\/li><li>Schachtelung in verschiedenen Formaten<\/li><li>Hauptplatte, die die Anzahl der verschiedenen Layouts minimiert.<\/li><li>Abfallreduzierung<\/li><\/ul>\n<\/div><\/div>\n<\/div>\n\n\n\n<div class=\"wp-block-column is-layout-flow wp-block-column-is-layout-flow\"><\/div>\n<\/div>\n","protected":false},"excerpt":{"rendered":"<p>Die Zukunft des Nesting. Heute. Libellula NeXting ist das neue, fortschrittliche Verschachtelungssystem, in dem sich wichtige Merkmale wie Genauigkeit, Innovation und Geschwindigkeit wie nie zuvor treffen. NeXting ist eine Software, die die Leistung jeder Schneidemaschine verbessern kann. Grenzenlose Geometrie NeXting dient der Verbesserung von Schachtelungsmethoden, um ein konkurrenzloses Ma\u00df an Perfektion zu erreichen. NeXting umfasst [&hellip;]<\/p>\n","protected":false},"author":2,"featured_media":899,"parent":819,"menu_order":0,"comment_status":"closed","ping_status":"closed","template":"","meta":{"_acf_changed":false,"ghostkit_customizer_options":"","ghostkit_custom_css":"","ghostkit_custom_js_head":"","ghostkit_custom_js_foot":"","ghostkit_typography":"","site-sidebar-layout":"default","site-content-layout":"default","ast-site-content-layout":"","site-content-style":"default","site-sidebar-style":"default","ast-global-header-display":"","ast-banner-title-visibility":"","ast-main-header-display":"","ast-hfb-above-header-display":"","ast-hfb-below-header-display":"","ast-hfb-mobile-header-display":"","site-post-title":"","ast-breadcrumbs-content":"","ast-featured-img":"","footer-sml-layout":"","theme-transparent-header-meta":"default","adv-header-id-meta":"","stick-header-meta":"default","header-above-stick-meta":"","header-main-stick-meta":"","header-below-stick-meta":"","astra-migrate-meta-layouts":"default","ast-page-background-enabled":"default","ast-page-background-meta":{"desktop":{"background-color":"","background-image":"","background-repeat":"repeat","background-position":"center center","background-size":"auto","background-attachment":"scroll","background-type":"","background-media":"","overlay-type":"","overlay-color":"","overlay-gradient":""},"tablet":{"background-color":"","background-image":"","background-repeat":"repeat","background-position":"center center","background-size":"auto","background-attachment":"scroll","background-type":"","background-media":"","overlay-type":"","overlay-color":"","overlay-gradient":""},"mobile":{"background-color":"","background-image":"","background-repeat":"repeat","background-position":"center center","background-size":"auto","background-attachment":"scroll","background-type":"","background-media":"","overlay-type":"","overlay-color":"","overlay-gradient":""}},"ast-content-background-meta":{"desktop":{"background-color":"var(--ast-global-color-5)","background-image":"","background-repeat":"repeat","background-position":"center center","background-size":"auto","background-attachment":"scroll","background-type":"","background-media":"","overlay-type":"","overlay-color":"","overlay-gradient":""},"tablet":{"background-color":"var(--ast-global-color-5)","background-image":"","background-repeat":"repeat","background-position":"center center","background-size":"auto","background-attachment":"scroll","background-type":"","background-media":"","overlay-type":"","overlay-color":"","overlay-gradient":""},"mobile":{"background-color":"var(--ast-global-color-5)","background-image":"","background-repeat":"repeat","background-position":"center center","background-size":"auto","background-attachment":"scroll","background-type":"","background-media":"","overlay-type":"","overlay-color":"","overlay-gradient":""}},"footnotes":""},"acf":[],"_links":{"self":[{"href":"https:\/\/wpa-products.com\/de\/wp-json\/wp\/v2\/pages\/821"}],"collection":[{"href":"https:\/\/wpa-products.com\/de\/wp-json\/wp\/v2\/pages"}],"about":[{"href":"https:\/\/wpa-products.com\/de\/wp-json\/wp\/v2\/types\/page"}],"author":[{"embeddable":true,"href":"https:\/\/wpa-products.com\/de\/wp-json\/wp\/v2\/users\/2"}],"replies":[{"embeddable":true,"href":"https:\/\/wpa-products.com\/de\/wp-json\/wp\/v2\/comments?post=821"}],"version-history":[{"count":5,"href":"https:\/\/wpa-products.com\/de\/wp-json\/wp\/v2\/pages\/821\/revisions"}],"predecessor-version":[{"id":1064,"href":"https:\/\/wpa-products.com\/de\/wp-json\/wp\/v2\/pages\/821\/revisions\/1064"}],"up":[{"embeddable":true,"href":"https:\/\/wpa-products.com\/de\/wp-json\/wp\/v2\/pages\/819"}],"wp:featuredmedia":[{"embeddable":true,"href":"https:\/\/wpa-products.com\/de\/wp-json\/wp\/v2\/media\/899"}],"wp:attachment":[{"href":"https:\/\/wpa-products.com\/de\/wp-json\/wp\/v2\/media?parent=821"}],"curies":[{"name":"wp","href":"https:\/\/api.w.org\/{rel}","templated":true}]}}