{"id":1316,"date":"2021-04-09T10:56:46","date_gmt":"2021-04-09T09:56:46","guid":{"rendered":"https:\/\/wpa-products.com\/?page_id=1316"},"modified":"2021-04-09T13:33:40","modified_gmt":"2021-04-09T12:33:40","slug":"quantum-nxt-6000","status":"publish","type":"page","link":"https:\/\/wpa-products.com\/de\/pumpen\/quantum-nxt-6000\/","title":{"rendered":"QUANTUM NXT\u2122 6.000 BAR"},"content":{"rendered":"\n<div class=\"wp-block-cover alignwide\" style=\"min-height:600px;aspect-ratio:unset;\"><img loading=\"lazy\" decoding=\"async\" width=\"2500\" height=\"1200\" class=\"wp-block-cover__image-background wp-image-1318\" alt=\"\" src=\"https:\/\/wpa-products.com\/wp-content\/uploads\/2021\/04\/quantum-spt-6000.jpg\" data-object-fit=\"cover\" srcset=\"https:\/\/wpa-products.com\/wp-content\/uploads\/2021\/04\/quantum-spt-6000.jpg 2500w, https:\/\/wpa-products.com\/wp-content\/uploads\/2021\/04\/quantum-spt-6000-300x144.jpg 300w, https:\/\/wpa-products.com\/wp-content\/uploads\/2021\/04\/quantum-spt-6000-1024x492.jpg 1024w, https:\/\/wpa-products.com\/wp-content\/uploads\/2021\/04\/quantum-spt-6000-768x369.jpg 768w, https:\/\/wpa-products.com\/wp-content\/uploads\/2021\/04\/quantum-spt-6000-1536x737.jpg 1536w, https:\/\/wpa-products.com\/wp-content\/uploads\/2021\/04\/quantum-spt-6000-2048x983.jpg 2048w, https:\/\/wpa-products.com\/wp-content\/uploads\/2021\/04\/quantum-spt-6000-16x8.jpg 16w\" sizes=\"(max-width: 2500px) 100vw, 2500px\" \/><div class=\"wp-block-cover__inner-container is-layout-flow wp-block-cover-is-layout-flow\">\n<p class=\"has-text-align-center has-large-font-size\"><strong>QUANTUM NXT\u2122 6.000 BAR<\/strong><br>Neue Ma\u00dfst\u00e4be im Wasserstrahlschneiden<\/p>\n<\/div><\/div>\n\n\n\n<div style=\"height:45px\" aria-hidden=\"true\" class=\"wp-block-spacer\"><\/div>\n\n\n\n<h2 class=\"wp-block-heading\">Wasserstrahl Pumpen der neusten Generation<\/h2>\n\n\n\n<p>Wasserstrahlschneiden hat sich als eine zuverl\u00e4ssige Technik bew\u00e4hrt und bietet auch heute noch ein enormes potenzial f\u00fcr Innovationen.<br>Die Entwicklung von 6.000 bar (87.000k PSI) Pumpen pr\u00e4sentiert einen Meilenstein. Die <strong>QUANTUM NXT\u2122<\/strong> 6000 bar Pumpen Serie setzt neue Ma\u00dfst\u00e4be bei Leistung, Zuverl\u00e4ssigkeit und Energieeffizienz, wie sie bisher auf dem Markt noch nicht erreicht wurden.<\/p>\n\n\n\n<div class=\"wp-block-columns is-layout-flex wp-container-core-columns-is-layout-1 wp-block-columns-is-layout-flex\">\n<div class=\"wp-block-column is-layout-flow wp-block-column-is-layout-flow\">\n<div class=\"ghostkit-icon-box ghostkit-custom-20SAbG\"><div class=\"ghostkit-icon-box-icon ghostkit-icon-box-icon-align-left\"><svg class=\"ghostkit-svg-icon ghostkit-svg-icon-fa\" aria-hidden=\"true\" role=\"img\" xmlns=\"http:\/\/www.w3.org\/2000\/svg\" viewBox=\"0 0 576 512\"><path fill=\"currentColor\" d=\"M288 32C128.94 32 0 160.94 0 320c0 52.8 14.25 102.26 39.06 144.8 5.61 9.62 16.3 15.2 27.44 15.2h443c11.14 0 21.83-5.58 27.44-15.2C561.75 422.26 576 372.8 576 320c0-159.06-128.94-288-288-288zm0 64c14.71 0 26.58 10.13 30.32 23.65-1.11 2.26-2.64 4.23-3.45 6.67l-9.22 27.67c-5.13 3.49-10.97 6.01-17.64 6.01-17.67 0-32-14.33-32-32S270.33 96 288 96zM96 384c-17.67 0-32-14.33-32-32s14.33-32 32-32 32 14.33 32 32-14.33 32-32 32zm48-160c-17.67 0-32-14.33-32-32s14.33-32 32-32 32 14.33 32 32-14.33 32-32 32zm246.77-72.41l-61.33 184C343.13 347.33 352 364.54 352 384c0 11.72-3.38 22.55-8.88 32H232.88c-5.5-9.45-8.88-20.28-8.88-32 0-33.94 26.5-61.43 59.9-63.59l61.34-184.01c4.17-12.56 17.73-19.45 30.36-15.17 12.57 4.19 19.35 17.79 15.17 30.36zm14.66 57.2l15.52-46.55c3.47-1.29 7.13-2.23 11.05-2.23 17.67 0 32 14.33 32 32s-14.33 32-32 32c-11.38-.01-20.89-6.28-26.57-15.22zM480 384c-17.67 0-32-14.33-32-32s14.33-32 32-32 32 14.33 32 32-14.33 32-32 32z\"><\/path><\/svg><\/div><div class=\"ghostkit-icon-box-content is-layout-flow wp-block-icon-box-is-layout-flow\">\n<h4 class=\"wp-block-heading\">Extremer Druck<\/h4>\n\n\n\n<p>6.000 bar Arbeitsdruck sorgen f\u00fcr schnelle und pr\u00e4zise Schnitte.<\/p>\n<\/div><\/div>\n<\/div>\n\n\n\n<div class=\"wp-block-column is-layout-flow wp-block-column-is-layout-flow\">\n<div class=\"ghostkit-icon-box ghostkit-custom-14BQlO\"><div class=\"ghostkit-icon-box-icon ghostkit-icon-box-icon-align-left\"><svg class=\"ghostkit-svg-icon ghostkit-svg-icon-fa\" aria-hidden=\"true\" role=\"img\" xmlns=\"http:\/\/www.w3.org\/2000\/svg\" viewBox=\"0 0 576 512\"><path fill=\"currentColor\" d=\"M546.2 9.7c-5.6-12.5-21.6-13-28.3-1.2C486.9 62.4 431.4 96 368 96h-80C182 96 96 182 96 288c0 7 .8 13.7 1.5 20.5C161.3 262.8 253.4 224 384 224c8.8 0 16 7.2 16 16s-7.2 16-16 16C132.6 256 26 410.1 2.4 468c-6.6 16.3 1.2 34.9 17.5 41.6 16.4 6.8 35-1.1 41.8-17.3 1.5-3.6 20.9-47.9 71.9-90.6 32.4 43.9 94 85.8 174.9 77.2C465.5 467.5 576 326.7 576 154.3c0-50.2-10.8-102.2-29.8-144.6z\"><\/path><\/svg><\/div><div class=\"ghostkit-icon-box-content is-layout-flow wp-block-icon-box-is-layout-flow\">\n<h4 class=\"wp-block-heading\">H\u00f6chste Effizienz<\/h4>\n\n\n\n<p>Bis zu 60% effizienter als hydraulische 6.000 bar Intersifier.<\/p>\n<\/div><\/div>\n<\/div>\n\n\n\n<div class=\"wp-block-column is-layout-flow wp-block-column-is-layout-flow\">\n<div class=\"ghostkit-icon-box ghostkit-custom-1IyLgt\"><div class=\"ghostkit-icon-box-icon ghostkit-icon-box-icon-align-left\"><svg class=\"ghostkit-svg-icon ghostkit-svg-icon-fa\" aria-hidden=\"true\" role=\"img\" xmlns=\"http:\/\/www.w3.org\/2000\/svg\" viewBox=\"0 0 512 512\"><path fill=\"currentColor\" d=\"M507.73 109.1c-2.24-9.03-13.54-12.09-20.12-5.51l-74.36 74.36-67.88-11.31-11.31-67.88 74.36-74.36c6.62-6.62 3.43-17.9-5.66-20.16-47.38-11.74-99.55.91-136.58 37.93-39.64 39.64-50.55 97.1-34.05 147.2L18.74 402.76c-24.99 24.99-24.99 65.51 0 90.5 24.99 24.99 65.51 24.99 90.5 0l213.21-213.21c50.12 16.71 107.47 5.68 147.37-34.22 37.07-37.07 49.7-89.32 37.91-136.73zM64 472c-13.25 0-24-10.75-24-24 0-13.26 10.75-24 24-24s24 10.74 24 24c0 13.25-10.75 24-24 24z\"><\/path><\/svg><\/div><div class=\"ghostkit-icon-box-content is-layout-flow wp-block-icon-box-is-layout-flow\">\n<h4 class=\"wp-block-heading\">Schnelle Wartung<\/h4>\n\n\n\n<p>Einfachster Service ohne spezielle Werkzeuge sparen Zeit und Geld.<\/p>\n<\/div><\/div>\n<\/div>\n\n\n\n<div class=\"wp-block-column is-layout-flow wp-block-column-is-layout-flow\">\n<div class=\"ghostkit-icon-box ghostkit-custom-2uMzs3\"><div class=\"ghostkit-icon-box-icon ghostkit-icon-box-icon-align-left\"><svg class=\"ghostkit-svg-icon ghostkit-svg-icon-fa\" aria-hidden=\"true\" role=\"img\" xmlns=\"http:\/\/www.w3.org\/2000\/svg\" viewBox=\"0 0 512 512\"><path fill=\"currentColor\" d=\"M215.03 71.05L126.06 160H24c-13.26 0-24 10.74-24 24v144c0 13.25 10.74 24 24 24h102.06l88.97 88.95c15.03 15.03 40.97 4.47 40.97-16.97V88.02c0-21.46-25.96-31.98-40.97-16.97zM461.64 256l45.64-45.64c6.3-6.3 6.3-16.52 0-22.82l-22.82-22.82c-6.3-6.3-16.52-6.3-22.82 0L416 210.36l-45.64-45.64c-6.3-6.3-16.52-6.3-22.82 0l-22.82 22.82c-6.3 6.3-6.3 16.52 0 22.82L370.36 256l-45.63 45.63c-6.3 6.3-6.3 16.52 0 22.82l22.82 22.82c6.3 6.3 16.52 6.3 22.82 0L416 301.64l45.64 45.64c6.3 6.3 16.52 6.3 22.82 0l22.82-22.82c6.3-6.3 6.3-16.52 0-22.82L461.64 256z\"><\/path><\/svg><\/div><div class=\"ghostkit-icon-box-content is-layout-flow wp-block-icon-box-is-layout-flow\">\n<h4 class=\"wp-block-heading\">Extrem Leise<\/h4>\n\n\n\n<p>Bis zu 600% leiser im Vergleich mit hydraulischen 6.000 bar Intensifiern.<\/p>\n<\/div><\/div>\n<\/div>\n<\/div>\n\n\n\n<h2 class=\"wp-block-heading\">Extremer Druck mit bisher unerreichter Effizienz<\/h2>\n\n\n\n<div class=\"wp-block-media-text has-media-on-the-right is-stacked-on-mobile\"><figure class=\"wp-block-media-text__media\"><img loading=\"lazy\" decoding=\"async\" width=\"1024\" height=\"765\" src=\"https:\/\/wpa-products.com\/wp-content\/uploads\/2021\/04\/triple-pump-side-QSPT-1024x765.png\" alt=\"\" class=\"wp-image-1334 size-full\" srcset=\"https:\/\/wpa-products.com\/wp-content\/uploads\/2021\/04\/triple-pump-side-QSPT-1024x765.png 1024w, https:\/\/wpa-products.com\/wp-content\/uploads\/2021\/04\/triple-pump-side-QSPT-300x224.png 300w, https:\/\/wpa-products.com\/wp-content\/uploads\/2021\/04\/triple-pump-side-QSPT-768x574.png 768w, https:\/\/wpa-products.com\/wp-content\/uploads\/2021\/04\/triple-pump-side-QSPT-1536x1147.png 1536w, https:\/\/wpa-products.com\/wp-content\/uploads\/2021\/04\/triple-pump-side-QSPT-16x12.png 16w, https:\/\/wpa-products.com\/wp-content\/uploads\/2021\/04\/triple-pump-side-QSPT.png 2000w\" sizes=\"(max-width: 1024px) 100vw, 1024px\" \/><\/figure><div class=\"wp-block-media-text__content\">\n<p>Die Qauntum NXT\u2122 ist die erste Ultra Hochdruck Pumpe auf dem Markt, bei der die bew\u00e4hrte hocheffiziente &#8222;direct servo&#8220; Technik eingesetzt wird. Der lineare Servo Aktuator ersetzt das ineffiziente hysraulische System, welches herk\u00f6mmlich eingesetzt wird. Durch die revolution\u00e4re Technik ist es m\u00f6glich hocheffizient 6.000 bar Arbeitsdruck mit bis zu 9 l\/min zu erreichen und dabei bis zu 60&nbsp;% an Energie im Vergleich zu herk\u00f6mmlichen Systemen zu sparen. Durch diese Merkmale setzt die Quantum NXT\u2122 Reihe neue Ma\u00dfst\u00e4be f\u00fcr Ultra Hochdruck Pumpen auf dem Markt.<\/p>\n<\/div><\/div>\n\n\n\n<h2 class=\"wp-block-heading\">Die Zukunft der Wasserstrahl Pumpen Technik.<\/h2>\n\n\n\n<p>Die Quantum NXT\u2122 Wasserstrahlpumpe ist ein revolution\u00e4res Konzept im Wasserstrahlschneiden. Sie enth\u00e4lt einen Servomotor, der eine hochbelastbare Pr\u00e4zisions-Kugelspindel direkt umschlie\u00dft. Die Kugelumlaufspindel beherbergt direkt die keramischen Kolben, die sich hin- und herbewegen, um die Pumpwirkung zu erzeugen, ganz \u00e4hnlich wie ein Hydraulikzylinder bei einer konventionellen Wasserstrahlpumpe.<\/p>\n\n\n\n<p>Die stufenlose Steuerung des Servomotors und die Pr\u00e4zision der Kugelumlaufspindel erm\u00f6glichen eine extrem genaue Kontrolle \u00fcber den Ausgangsdruck und das Volumen des verdr\u00e4ngten Wassers, ebenso werden die Druckspitzen beim &#8222;Deadhead&#8220; eliminiert. Diese stufenlose Steuerung gibt dem Bediener die M\u00f6glichkeit, praktisch jeden Druck und jede Durchflussmenge von Null bis zur vollen Leistung zu w\u00e4hlen.<\/p>\n\n\n\n<div class=\"wp-block-columns is-layout-flex wp-container-core-columns-is-layout-2 wp-block-columns-is-layout-flex\">\n<div class=\"wp-block-column is-layout-flow wp-block-column-is-layout-flow\">\n<figure class=\"wp-block-image size-large is-style-default\"><img loading=\"lazy\" decoding=\"async\" width=\"367\" height=\"366\" src=\"https:\/\/wpa-products.com\/wp-content\/uploads\/2021\/03\/efficient-circle-min.png\" alt=\"\" class=\"wp-image-1226\" srcset=\"https:\/\/wpa-products.com\/wp-content\/uploads\/2021\/03\/efficient-circle-min.png 367w, https:\/\/wpa-products.com\/wp-content\/uploads\/2021\/03\/efficient-circle-min-300x300.png 300w, https:\/\/wpa-products.com\/wp-content\/uploads\/2021\/03\/efficient-circle-min-150x150.png 150w, https:\/\/wpa-products.com\/wp-content\/uploads\/2021\/03\/efficient-circle-min-12x12.png 12w\" sizes=\"(max-width: 367px) 100vw, 367px\" \/><\/figure>\n\n\n\n<h4 class=\"has-text-align-center wp-block-heading\">H\u00f6chste Effizienz<\/h4>\n\n\n\n<p class=\"has-text-align-center\">Bis zu 60% effizienter als herk\u00f6mmliche Hydraulik Verdichern.<\/p>\n<\/div>\n\n\n\n<div class=\"wp-block-column is-layout-flow wp-block-column-is-layout-flow\">\n<figure class=\"wp-block-image size-large\"><img loading=\"lazy\" decoding=\"async\" width=\"367\" height=\"366\" src=\"https:\/\/wpa-products.com\/wp-content\/uploads\/2021\/03\/noise-circle-min.png\" alt=\"\" class=\"wp-image-1224\" srcset=\"https:\/\/wpa-products.com\/wp-content\/uploads\/2021\/03\/noise-circle-min.png 367w, https:\/\/wpa-products.com\/wp-content\/uploads\/2021\/03\/noise-circle-min-300x300.png 300w, https:\/\/wpa-products.com\/wp-content\/uploads\/2021\/03\/noise-circle-min-150x150.png 150w, https:\/\/wpa-products.com\/wp-content\/uploads\/2021\/03\/noise-circle-min-12x12.png 12w\" sizes=\"(max-width: 367px) 100vw, 367px\" \/><\/figure>\n\n\n\n<h4 class=\"has-text-align-center wp-block-heading\">Extrem Leise<\/h4>\n\n\n\n<p class=\"has-text-align-center\">Bis zu 600% leiser im Vergleich mit Hydraulischen Verdichtern.<\/p>\n<\/div>\n\n\n\n<div class=\"wp-block-column is-layout-flow wp-block-column-is-layout-flow\">\n<figure class=\"wp-block-image size-large\"><img loading=\"lazy\" decoding=\"async\" width=\"367\" height=\"366\" src=\"https:\/\/wpa-products.com\/wp-content\/uploads\/2021\/03\/pressure-circle-min.png\" alt=\"\" class=\"wp-image-1225\" srcset=\"https:\/\/wpa-products.com\/wp-content\/uploads\/2021\/03\/pressure-circle-min.png 367w, https:\/\/wpa-products.com\/wp-content\/uploads\/2021\/03\/pressure-circle-min-300x300.png 300w, https:\/\/wpa-products.com\/wp-content\/uploads\/2021\/03\/pressure-circle-min-150x150.png 150w, https:\/\/wpa-products.com\/wp-content\/uploads\/2021\/03\/pressure-circle-min-12x12.png 12w\" sizes=\"(max-width: 367px) 100vw, 367px\" \/><\/figure>\n\n\n\n<h4 class=\"has-text-align-center wp-block-heading\">Niedrige Kosten<\/h4>\n\n\n\n<p class=\"has-text-align-center\">Bis zu 300% Steigerung der Lebensdauer von Hochdruckkomponenten, durch \u00fcberragende Druckkontrolle.<\/p>\n<\/div>\n<\/div>\n\n\n\n<div style=\"height:40px\" aria-hidden=\"true\" class=\"wp-block-spacer\"><\/div>\n\n\n\n<h2 class=\"wp-block-heading\">ADVANCED DIAGNOSTICS<\/h2>\n\n\n\n<p>Wasserstrahlpumpen erzeugen extreme Dr\u00fccke, um jegliche Materialien zu schneiden, dieser druck soll jedoch nur das Material zerschneiden und keine Komponenten gef\u00e4hrden oder zerst\u00f6ren.<\/p>\n\n\n\n<div class=\"wp-block-columns is-layout-flex wp-container-core-columns-is-layout-3 wp-block-columns-is-layout-flex\">\n<div class=\"wp-block-column is-layout-flow wp-block-column-is-layout-flow\">\n<h3 class=\"wp-block-heading\">Vorausschauende Wartung<\/h3>\n\n\n\n<p>Die Kombination der Information, von Daten der Diagnose Sensoren und den Information der Servo Steuerungstechnik erm\u00f6glicht es Wartung zielgerichtet pr\u00e4ventiv zu gestalten und sch\u00fctzt Sie vor teuren Sch\u00e4den oder Produktionsausf\u00e4llen.<\/p>\n<\/div>\n\n\n\n<div class=\"wp-block-column is-layout-flow wp-block-column-is-layout-flow\">\n<h3 class=\"wp-block-heading\">Bereit f\u00fcr Industrie 4.0<\/h3>\n\n\n\n<p>Industrie 4.0 ist schon lange keine Zukunftsmusik mehr, die Quantum NXT\u2122 kann f\u00fcr Sie wichtige Daten sammeln und kann durch die optionale Vernetzung eine Echtzeit Ferndiagnose erm\u00f6glichen.<\/p>\n<\/div>\n<\/div>\n\n\n\n<div style=\"height:40px\" aria-hidden=\"true\" class=\"wp-block-spacer\"><\/div>\n\n\n\n<h2 class=\"wp-block-heading\">Die Quantum NXT<strong><strong>\u2122<\/strong><\/strong> 6.000 bar Serie<\/h2>\n\n\n\n<p><strong>Alle Modelle haben einen maximalen Arbeitsdruck von 6.000 bar.<\/strong><\/p>\n\n\n\n<div class=\"wp-block-columns is-layout-flex wp-container-core-columns-is-layout-4 wp-block-columns-is-layout-flex\">\n<div class=\"wp-block-column is-layout-flow wp-block-column-is-layout-flow\">\n<h3 class=\"has-text-align-center wp-block-heading\">ESP 40\/6000<\/h3>\n\n\n\n<p>Max Flussrate: 3.0 l\/min<br>Gewicht: 628 kg<br>Physische Abma\u00dfe:<br>2.0m x 0.66m x 1.37m<\/p>\n\n\n\n<figure class=\"wp-block-image size-large is-resized\"><img loading=\"lazy\" decoding=\"async\" src=\"https:\/\/wpa-products.com\/wp-content\/uploads\/2021\/04\/esp_40-6000-1024x904.png\" alt=\"\" class=\"wp-image-1341\" width=\"275\" height=\"255\"\/><\/figure>\n<\/div>\n\n\n\n<div class=\"wp-block-column is-layout-flow wp-block-column-is-layout-flow\">\n<h3 class=\"has-text-align-center wp-block-heading\">ESP 80\/6000<\/h3>\n\n\n\n<p>Max Flussrate: 6.0 l\/min<br>Gewicht: 1370 kg<br>Physische Abma\u00dfe:<br>2.0m x 1.08m x 1.37m<\/p>\n\n\n\n<figure class=\"wp-block-image size-large is-resized\"><img loading=\"lazy\" decoding=\"async\" src=\"https:\/\/wpa-products.com\/wp-content\/uploads\/2021\/04\/esp_80-6000-1024x766.png\" alt=\"\" class=\"wp-image-1342\" width=\"341\" height=\"255\" srcset=\"https:\/\/wpa-products.com\/wp-content\/uploads\/2021\/04\/esp_80-6000-1024x766.png 1024w, https:\/\/wpa-products.com\/wp-content\/uploads\/2021\/04\/esp_80-6000-300x225.png 300w, https:\/\/wpa-products.com\/wp-content\/uploads\/2021\/04\/esp_80-6000-768x575.png 768w, https:\/\/wpa-products.com\/wp-content\/uploads\/2021\/04\/esp_80-6000-1536x1150.png 1536w, https:\/\/wpa-products.com\/wp-content\/uploads\/2021\/04\/esp_80-6000-16x12.png 16w, https:\/\/wpa-products.com\/wp-content\/uploads\/2021\/04\/esp_80-6000.png 2000w\" sizes=\"(max-width: 341px) 100vw, 341px\" \/><\/figure>\n<\/div>\n\n\n\n<div class=\"wp-block-column is-layout-flow wp-block-column-is-layout-flow\">\n<h3 class=\"has-text-align-center wp-block-heading\">ESP 120\/6000<\/h3>\n\n\n\n<p>Max Flussrate: 9.0 l\/min<br>Gewicht: 1860 kg<br>Physische Abma\u00dfe:<br>2.0m x 1.5m x 1.37m<\/p>\n\n\n\n<figure class=\"wp-block-image size-large is-resized\"><img decoding=\"async\" src=\"https:\/\/wpa-products.com\/wp-content\/uploads\/2021\/04\/esp_120-6000-1024x765.png\" alt=\"\" class=\"wp-image-1340\" height=\"255\" srcset=\"https:\/\/wpa-products.com\/wp-content\/uploads\/2021\/04\/esp_120-6000-1024x765.png 1024w, https:\/\/wpa-products.com\/wp-content\/uploads\/2021\/04\/esp_120-6000-300x224.png 300w, https:\/\/wpa-products.com\/wp-content\/uploads\/2021\/04\/esp_120-6000-768x574.png 768w, https:\/\/wpa-products.com\/wp-content\/uploads\/2021\/04\/esp_120-6000-1536x1147.png 1536w, https:\/\/wpa-products.com\/wp-content\/uploads\/2021\/04\/esp_120-6000-16x12.png 16w, https:\/\/wpa-products.com\/wp-content\/uploads\/2021\/04\/esp_120-6000.png 2000w\" sizes=\"(max-width: 1024px) 100vw, 1024px\" \/><\/figure>\n<\/div>\n<\/div>\n\n\n\n<div style=\"height:100px\" aria-hidden=\"true\" class=\"wp-block-spacer\"><\/div>\n\n\n\n<h2 class=\"wp-block-heading\">Interessiert? Kontaktieren Sie uns f\u00fcr weitere Informationen.<\/h2>\n\n\n\n<p>Gerne k\u00f6nnen Sie uns auch anrufen oder bitten Sie um einen R\u00fcckruf und wir k\u00f6nnen Ihnen all Ihre Fragen bez\u00fcglich der Quantum NXT\u2122, welche Vorteile die &#8222;Direct Servo&#8220; Technik bietet und wie 6000 bar Pumpen Ihre Produktion beschleunigen k\u00f6nnen beantworten.<\/p>\n","protected":false},"excerpt":{"rendered":"<p>Wasserstrahl Pumpen der neusten Generation Wasserstrahlschneiden hat sich als eine zuverl\u00e4ssige Technik bew\u00e4hrt und bietet auch heute noch ein enormes potenzial f\u00fcr Innovationen.Die Entwicklung von 6.000 bar (87.000k PSI) Pumpen pr\u00e4sentiert einen Meilenstein. Die QUANTUM NXT\u2122 6000 bar Pumpen Serie setzt neue Ma\u00dfst\u00e4be bei Leistung, Zuverl\u00e4ssigkeit und Energieeffizienz, wie sie bisher auf dem Markt noch [&hellip;]<\/p>\n","protected":false},"author":2,"featured_media":0,"parent":1031,"menu_order":0,"comment_status":"closed","ping_status":"closed","template":"","meta":{"_acf_changed":false,"ghostkit_customizer_options":"","ghostkit_custom_css":"","ghostkit_custom_js_head":"","ghostkit_custom_js_foot":"","ghostkit_typography":"","site-sidebar-layout":"default","site-content-layout":"default","ast-site-content-layout":"","site-content-style":"default","site-sidebar-style":"default","ast-global-header-display":"","ast-banner-title-visibility":"","ast-main-header-display":"","ast-hfb-above-header-display":"","ast-hfb-below-header-display":"","ast-hfb-mobile-header-display":"","site-post-title":"","ast-breadcrumbs-content":"disabled","ast-featured-img":"","footer-sml-layout":"","theme-transparent-header-meta":"default","adv-header-id-meta":"","stick-header-meta":"default","header-above-stick-meta":"","header-main-stick-meta":"","header-below-stick-meta":"","astra-migrate-meta-layouts":"default","ast-page-background-enabled":"default","ast-page-background-meta":{"desktop":{"background-color":"","background-image":"","background-repeat":"repeat","background-position":"center center","background-size":"auto","background-attachment":"scroll","background-type":"","background-media":"","overlay-type":"","overlay-color":"","overlay-gradient":""},"tablet":{"background-color":"","background-image":"","background-repeat":"repeat","background-position":"center center","background-size":"auto","background-attachment":"scroll","background-type":"","background-media":"","overlay-type":"","overlay-color":"","overlay-gradient":""},"mobile":{"background-color":"","background-image":"","background-repeat":"repeat","background-position":"center center","background-size":"auto","background-attachment":"scroll","background-type":"","background-media":"","overlay-type":"","overlay-color":"","overlay-gradient":""}},"ast-content-background-meta":{"desktop":{"background-color":"var(--ast-global-color-5)","background-image":"","background-repeat":"repeat","background-position":"center center","background-size":"auto","background-attachment":"scroll","background-type":"","background-media":"","overlay-type":"","overlay-color":"","overlay-gradient":""},"tablet":{"background-color":"var(--ast-global-color-5)","background-image":"","background-repeat":"repeat","background-position":"center center","background-size":"auto","background-attachment":"scroll","background-type":"","background-media":"","overlay-type":"","overlay-color":"","overlay-gradient":""},"mobile":{"background-color":"var(--ast-global-color-5)","background-image":"","background-repeat":"repeat","background-position":"center center","background-size":"auto","background-attachment":"scroll","background-type":"","background-media":"","overlay-type":"","overlay-color":"","overlay-gradient":""}},"footnotes":""},"acf":[],"_links":{"self":[{"href":"https:\/\/wpa-products.com\/de\/wp-json\/wp\/v2\/pages\/1316"}],"collection":[{"href":"https:\/\/wpa-products.com\/de\/wp-json\/wp\/v2\/pages"}],"about":[{"href":"https:\/\/wpa-products.com\/de\/wp-json\/wp\/v2\/types\/page"}],"author":[{"embeddable":true,"href":"https:\/\/wpa-products.com\/de\/wp-json\/wp\/v2\/users\/2"}],"replies":[{"embeddable":true,"href":"https:\/\/wpa-products.com\/de\/wp-json\/wp\/v2\/comments?post=1316"}],"version-history":[{"count":11,"href":"https:\/\/wpa-products.com\/de\/wp-json\/wp\/v2\/pages\/1316\/revisions"}],"predecessor-version":[{"id":1388,"href":"https:\/\/wpa-products.com\/de\/wp-json\/wp\/v2\/pages\/1316\/revisions\/1388"}],"up":[{"embeddable":true,"href":"https:\/\/wpa-products.com\/de\/wp-json\/wp\/v2\/pages\/1031"}],"wp:attachment":[{"href":"https:\/\/wpa-products.com\/de\/wp-json\/wp\/v2\/media?parent=1316"}],"curies":[{"name":"wp","href":"https:\/\/api.w.org\/{rel}","templated":true}]}}