{"id":1088,"date":"2021-02-02T13:33:00","date_gmt":"2021-02-02T12:33:00","guid":{"rendered":"https:\/\/wpa-products.com\/?page_id=1088"},"modified":"2021-08-10T10:57:19","modified_gmt":"2021-08-10T09:57:19","slug":"abrasiv-dosier-system-wpa-ads300","status":"publish","type":"page","link":"https:\/\/wpa-products.com\/de\/abrasiv-dosier-system-wpa-ads300\/","title":{"rendered":"Abrasiv Dosier System WPA-ADS300"},"content":{"rendered":"\n<div style=\"height:20px\" aria-hidden=\"true\" class=\"wp-block-spacer\"><\/div>\n\n\n\n<p class=\"has-text-align-center has-large-font-size\">Abrasiv Dosier System WPA-ADS300<\/p>\n\n\n\n<p class=\"has-text-align-center\">Wir freuen uns sehr Ihnen unser neues Abrasiv Dosiersystem WPA-ADS300 zu pr\u00e4sentieren.<\/p>\n\n\n\n<div style=\"height:25px\" aria-hidden=\"true\" class=\"wp-block-spacer\"><\/div>\n\n\n\n<div class=\"wp-block-columns is-layout-flex wp-container-core-columns-is-layout-1 wp-block-columns-is-layout-flex\">\n<div class=\"wp-block-column is-layout-flow wp-block-column-is-layout-flow\" style=\"flex-basis:52.5%\">\n<p>Unser System ist f\u00fcr jegliche Wasserstrahlsysteme geeignet und wurde f\u00fcr einen vollkommen autonomen und st\u00f6rungsfreien Betrieb ausgelegt. Durch fortschrittliche Technik ist es uns m\u00f6glich eine kontinuierliche Versorgung mit Abrasiv zu garantieren. Das neue WPA-ADS300 besteht aus einem Abrasiv-Vorratsbeh\u00e4lter und einem Hochdruck-Versorgungstank. Die elektronische Steuerungseinheit sorgt f\u00fcr eine kontinuierliche Versorgung von Abrasiv und steuert die pneumatischen Komponenten des WPA-ADS300. Die regelbare Pneumatik erlaubt es stufenlos die den Abrasiv-Vorschub zu regeln.<\/p>\n\n\n\n<p>Das Abrasiv wird mithilfe von Druckluft m\u00fchelos \u00fcber weitere Distanzen bef\u00f6rdert, so sind keine Grenzen bei der Aufstellung der Anlage gegeben und es k\u00f6nnen selbst mehrere Anlagen mit einer Dosieranlage versorgt werden.<\/p>\n<\/div>\n\n\n\n<div class=\"wp-block-column is-layout-flow wp-block-column-is-layout-flow\">\n<figure class=\"wp-block-image size-large is-resized\"><img loading=\"lazy\" decoding=\"async\" src=\"https:\/\/wpa-products.com\/wp-content\/uploads\/2021\/02\/wpa-ads300_final-edited-scaled.jpg\" alt=\"\" class=\"wp-image-1121\" width=\"522\" height=\"391\" srcset=\"https:\/\/wpa-products.com\/wp-content\/uploads\/2021\/02\/wpa-ads300_final-edited-scaled.jpg 2560w, https:\/\/wpa-products.com\/wp-content\/uploads\/2021\/02\/wpa-ads300_final-edited-300x225.jpg 300w, https:\/\/wpa-products.com\/wp-content\/uploads\/2021\/02\/wpa-ads300_final-edited-1024x767.jpg 1024w, https:\/\/wpa-products.com\/wp-content\/uploads\/2021\/02\/wpa-ads300_final-edited-768x575.jpg 768w, https:\/\/wpa-products.com\/wp-content\/uploads\/2021\/02\/wpa-ads300_final-edited-1536x1150.jpg 1536w, https:\/\/wpa-products.com\/wp-content\/uploads\/2021\/02\/wpa-ads300_final-edited-2048x1533.jpg 2048w, https:\/\/wpa-products.com\/wp-content\/uploads\/2021\/02\/wpa-ads300_final-edited-16x12.jpg 16w\" sizes=\"(max-width: 522px) 100vw, 522px\" \/><\/figure>\n<\/div>\n<\/div>\n\n\n\n<figure class=\"wp-block-gallery aligncenter columns-3 is-cropped wp-block-gallery-1 is-layout-flex wp-block-gallery-is-layout-flex\"><ul class=\"blocks-gallery-grid\"><li class=\"blocks-gallery-item\"><figure><img loading=\"lazy\" decoding=\"async\" width=\"225\" height=\"300\" src=\"https:\/\/wpa-products.com\/wp-content\/uploads\/2021\/02\/ads-300_full-225x300.jpg\" alt=\"\" data-id=\"1091\" data-full-url=\"https:\/\/wpa-products.com\/wp-content\/uploads\/2021\/02\/ads-300_full.jpg\" data-link=\"https:\/\/wpa-products.com\/ads-300_full\/\" class=\"wp-image-1091\" srcset=\"https:\/\/wpa-products.com\/wp-content\/uploads\/2021\/02\/ads-300_full-225x300.jpg 225w, https:\/\/wpa-products.com\/wp-content\/uploads\/2021\/02\/ads-300_full-766x1024.jpg 766w, https:\/\/wpa-products.com\/wp-content\/uploads\/2021\/02\/ads-300_full-768x1026.jpg 768w, https:\/\/wpa-products.com\/wp-content\/uploads\/2021\/02\/ads-300_full-9x12.jpg 9w, https:\/\/wpa-products.com\/wp-content\/uploads\/2021\/02\/ads-300_full.jpg 1080w\" sizes=\"(max-width: 225px) 100vw, 225px\" \/><\/figure><\/li><li class=\"blocks-gallery-item\"><figure><img loading=\"lazy\" decoding=\"async\" width=\"224\" height=\"300\" src=\"https:\/\/wpa-products.com\/wp-content\/uploads\/2021\/02\/IMG_20210202_1347321-224x300.jpg\" alt=\"\" data-id=\"1100\" data-full-url=\"https:\/\/wpa-products.com\/wp-content\/uploads\/2021\/02\/IMG_20210202_1347321.jpg\" data-link=\"https:\/\/wpa-products.com\/abrasiv-dosier-system-wpa-ads300\/img_20210202_1347321\/\" class=\"wp-image-1100\" srcset=\"https:\/\/wpa-products.com\/wp-content\/uploads\/2021\/02\/IMG_20210202_1347321-224x300.jpg 224w, https:\/\/wpa-products.com\/wp-content\/uploads\/2021\/02\/IMG_20210202_1347321-766x1024.jpg 766w, https:\/\/wpa-products.com\/wp-content\/uploads\/2021\/02\/IMG_20210202_1347321-768x1027.jpg 768w, https:\/\/wpa-products.com\/wp-content\/uploads\/2021\/02\/IMG_20210202_1347321-9x12.jpg 9w, https:\/\/wpa-products.com\/wp-content\/uploads\/2021\/02\/IMG_20210202_1347321.jpg 808w\" sizes=\"(max-width: 224px) 100vw, 224px\" \/><\/figure><\/li><li class=\"blocks-gallery-item\"><figure><img loading=\"lazy\" decoding=\"async\" width=\"300\" height=\"224\" src=\"https:\/\/wpa-products.com\/wp-content\/uploads\/2021\/02\/IMG_20210202_134621-300x224.jpg\" alt=\"\" data-id=\"1101\" data-full-url=\"https:\/\/wpa-products.com\/wp-content\/uploads\/2021\/02\/IMG_20210202_134621-scaled.jpg\" data-link=\"https:\/\/wpa-products.com\/abrasiv-dosier-system-wpa-ads300\/img_20210202_134621\/\" class=\"wp-image-1101\" srcset=\"https:\/\/wpa-products.com\/wp-content\/uploads\/2021\/02\/IMG_20210202_134621-300x224.jpg 300w, https:\/\/wpa-products.com\/wp-content\/uploads\/2021\/02\/IMG_20210202_134621-1024x766.jpg 1024w, https:\/\/wpa-products.com\/wp-content\/uploads\/2021\/02\/IMG_20210202_134621-768x575.jpg 768w, https:\/\/wpa-products.com\/wp-content\/uploads\/2021\/02\/IMG_20210202_134621-1536x1149.jpg 1536w, https:\/\/wpa-products.com\/wp-content\/uploads\/2021\/02\/IMG_20210202_134621-2048x1532.jpg 2048w, https:\/\/wpa-products.com\/wp-content\/uploads\/2021\/02\/IMG_20210202_134621-16x12.jpg 16w\" sizes=\"(max-width: 300px) 100vw, 300px\" \/><\/figure><\/li><\/ul><\/figure>\n\n\n\n<p>Technische Daten:<\/p>\n\n\n\n<figure class=\"wp-block-table\"><table><tbody><tr><td>Elektrischer Anschluss:<\/td><td>230V AC, 50Hz<\/td><\/tr><tr><td>Anschluss Kabel:<\/td><td>3-polig, 1.5mm\u00b2<\/td><\/tr><tr><td>Elektrische Leistung:<\/td><td>max. 200 W<\/td><\/tr><tr><td>Absicherung:<\/td><td>6 A (extern)<\/td><\/tr><tr><td>Sicherheitseinrichtung:<\/td><td>Seperates Erdungskabel<\/td><\/tr><tr><td>Druckluftverbrauch:<\/td><td>5-6 bar, 10 m\u00b3\/h<\/td><\/tr><tr><td>Abrasiv Vorratsbeh\u00e4lter Fassungsverm\u00f6gen<\/td><td>300 kg<\/td><\/tr><tr><td>Volumen Hochdruck-Versorgungstank<\/td><td>13.5 dm\u00b3<\/td><\/tr><tr><td>Ben\u00f6tigte Schl\u00e4uche:<\/td><td>8-10 mm (f\u00fcr Abrasiv Transport)<br>12 mm Druckluftschlauch<\/td><\/tr><tr><td>Dimensionen:<\/td><td>L\u00e4nge: 700 mm<br>Breite: 740 mm<br>H\u00f6he: 1140 mm<br>Gewicht: ca. 0.1 t<\/td><\/tr><tr><td>Installationsfl\u00e4che:<\/td><td>ca. 1 m\u00b2 <\/td><\/tr><tr><td>Inspektionsintervall:<\/td><td>Nach individuellem Wartungsrhytmus<\/td><\/tr><tr><td>Emissionen:<\/td><td>Keine Staubbelastung<\/td><\/tr><tr><td>Lautst\u00e4rke:<\/td><td>&lt; 70 dBA bei 1 m Distanz<\/td><\/tr><tr><td>Vibrationen:<\/td><td>Nein<\/td><\/tr><tr><td>Strahlung:<\/td><td>Keine Vorhanden<\/td><\/tr><tr><td>Gase:<\/td><td>Nein<\/td><\/tr><\/tbody><\/table><\/figure>\n\n\n\n<p><\/p>\n","protected":false},"excerpt":{"rendered":"<p>Abrasiv Dosier System WPA-ADS300 Wir freuen uns sehr Ihnen unser neues Abrasiv Dosiersystem WPA-ADS300 zu pr\u00e4sentieren. Unser System ist f\u00fcr jegliche Wasserstrahlsysteme geeignet und wurde f\u00fcr einen vollkommen autonomen und st\u00f6rungsfreien Betrieb ausgelegt. Durch fortschrittliche Technik ist es uns m\u00f6glich eine kontinuierliche Versorgung mit Abrasiv zu garantieren. Das neue WPA-ADS300 besteht aus einem Abrasiv-Vorratsbeh\u00e4lter und [&hellip;]<\/p>\n","protected":false},"author":2,"featured_media":0,"parent":0,"menu_order":0,"comment_status":"closed","ping_status":"closed","template":"","meta":{"_acf_changed":false,"ghostkit_customizer_options":"","ghostkit_custom_css":"","ghostkit_custom_js_head":"","ghostkit_custom_js_foot":"","ghostkit_typography":"","site-sidebar-layout":"default","site-content-layout":"default","ast-site-content-layout":"","site-content-style":"default","site-sidebar-style":"default","ast-global-header-display":"","ast-banner-title-visibility":"","ast-main-header-display":"","ast-hfb-above-header-display":"","ast-hfb-below-header-display":"","ast-hfb-mobile-header-display":"","site-post-title":"","ast-breadcrumbs-content":"","ast-featured-img":"","footer-sml-layout":"","theme-transparent-header-meta":"default","adv-header-id-meta":"","stick-header-meta":"default","header-above-stick-meta":"","header-main-stick-meta":"","header-below-stick-meta":"","astra-migrate-meta-layouts":"default","ast-page-background-enabled":"default","ast-page-background-meta":{"desktop":{"background-color":"","background-image":"","background-repeat":"repeat","background-position":"center center","background-size":"auto","background-attachment":"scroll","background-type":"","background-media":"","overlay-type":"","overlay-color":"","overlay-gradient":""},"tablet":{"background-color":"","background-image":"","background-repeat":"repeat","background-position":"center center","background-size":"auto","background-attachment":"scroll","background-type":"","background-media":"","overlay-type":"","overlay-color":"","overlay-gradient":""},"mobile":{"background-color":"","background-image":"","background-repeat":"repeat","background-position":"center center","background-size":"auto","background-attachment":"scroll","background-type":"","background-media":"","overlay-type":"","overlay-color":"","overlay-gradient":""}},"ast-content-background-meta":{"desktop":{"background-color":"var(--ast-global-color-5)","background-image":"","background-repeat":"repeat","background-position":"center center","background-size":"auto","background-attachment":"scroll","background-type":"","background-media":"","overlay-type":"","overlay-color":"","overlay-gradient":""},"tablet":{"background-color":"var(--ast-global-color-5)","background-image":"","background-repeat":"repeat","background-position":"center center","background-size":"auto","background-attachment":"scroll","background-type":"","background-media":"","overlay-type":"","overlay-color":"","overlay-gradient":""},"mobile":{"background-color":"var(--ast-global-color-5)","background-image":"","background-repeat":"repeat","background-position":"center center","background-size":"auto","background-attachment":"scroll","background-type":"","background-media":"","overlay-type":"","overlay-color":"","overlay-gradient":""}},"footnotes":""},"acf":[],"_links":{"self":[{"href":"https:\/\/wpa-products.com\/de\/wp-json\/wp\/v2\/pages\/1088"}],"collection":[{"href":"https:\/\/wpa-products.com\/de\/wp-json\/wp\/v2\/pages"}],"about":[{"href":"https:\/\/wpa-products.com\/de\/wp-json\/wp\/v2\/types\/page"}],"author":[{"embeddable":true,"href":"https:\/\/wpa-products.com\/de\/wp-json\/wp\/v2\/users\/2"}],"replies":[{"embeddable":true,"href":"https:\/\/wpa-products.com\/de\/wp-json\/wp\/v2\/comments?post=1088"}],"version-history":[{"count":10,"href":"https:\/\/wpa-products.com\/de\/wp-json\/wp\/v2\/pages\/1088\/revisions"}],"predecessor-version":[{"id":1385,"href":"https:\/\/wpa-products.com\/de\/wp-json\/wp\/v2\/pages\/1088\/revisions\/1385"}],"wp:attachment":[{"href":"https:\/\/wpa-products.com\/de\/wp-json\/wp\/v2\/media?parent=1088"}],"curies":[{"name":"wp","href":"https:\/\/api.w.org\/{rel}","templated":true}]}}