{"id":100,"date":"2020-08-20T10:30:56","date_gmt":"2020-08-20T10:30:56","guid":{"rendered":"http:\/\/wpa-products.com\/?page_id=100"},"modified":"2024-02-22T17:40:47","modified_gmt":"2024-02-22T16:40:47","slug":"home","status":"publish","type":"page","link":"https:\/\/wpa-products.com\/de\/","title":{"rendered":"Home"},"content":{"rendered":"\n<div class=\"wp-block-cover alignfull is-light is-position-center-center hero-video\" style=\"min-height:600px;aspect-ratio:unset;\"><span aria-hidden=\"true\" class=\"wp-block-cover__background has-background-dim-20 has-background-dim\"><\/span><video class=\"wp-block-cover__video-background intrinsic-ignore\" autoplay muted loop playsinline src=\"https:\/\/wpa-products.com\/wp-content\/uploads\/2021\/09\/Header_Video.mp4\" data-object-fit=\"cover\"><\/video><div class=\"wp-block-cover__inner-container is-layout-flow wp-block-cover-is-layout-flow\">\n<h1 class=\"wp-block-heading has-text-align-center\" id=\"wasserstrahl-software-hardware-fur-profis\">Wasserstrahl Software &amp;<br><strong>Hardware f\u00fcr Profis<\/strong>!<\/h1>\n\n\n\n<div class=\"wp-block-buttons is-horizontal is-content-justification-center is-layout-flex wp-container-core-buttons-is-layout-1 wp-block-buttons-is-layout-flex\">\n<div class=\"wp-block-button\"><a class=\"wp-block-button__link wp-element-button\" href=\"#contact\">Jetzt Kontakt aufnehmen<\/a><\/div>\n<\/div>\n<\/div><\/div>\n\n\n\n<div style=\"height:30px\" aria-hidden=\"true\" class=\"wp-block-spacer\"><\/div>\n\n\n\n<h2 class=\"wp-block-heading\" id=\"wasserstrahl-produkte-fur-einen-perfekten-workflow\">Wasserstrahl-Produkte f\u00fcr einen perfekten Workflow<\/h2>\n\n\n\n<p>Jahrzehntelange Erfahrung, individuelle Beratung, ma\u00dfgeschneiderte Trainingsm\u00f6glichkeiten und innovative Produkte: Dies sind die Gr\u00fcnde, weshalb die Waterjet Production Academy GmbH zu der Adresse geworden ist, wenn es um zuverl\u00e4ssige Expertise in der Wasserstrahl-Technik geht.<\/p>\n\n\n\n<div style=\"height:20px\" aria-hidden=\"true\" class=\"wp-block-spacer\"><\/div>\n\n\n\n<h2 class=\"wp-block-heading\" id=\"software\">Unser neuartiges Abrasiv Dosier System<\/h2>\n\n\n\n<div class=\"wp-block-cover is-light\" style=\"min-height:452px;aspect-ratio:unset;\"><span aria-hidden=\"true\" class=\"wp-block-cover__background has-background-dim-30 has-background-dim\"><\/span><img loading=\"lazy\" decoding=\"async\" width=\"2560\" height=\"1916\" class=\"wp-block-cover__image-background wp-image-1101\" alt=\"\" src=\"https:\/\/wpa-products.com\/wp-content\/uploads\/2021\/02\/IMG_20210202_134621-scaled.jpg\" style=\"object-position:50% 41%\" data-object-fit=\"cover\" data-object-position=\"50% 41%\" srcset=\"https:\/\/wpa-products.com\/wp-content\/uploads\/2021\/02\/IMG_20210202_134621-scaled.jpg 2560w, https:\/\/wpa-products.com\/wp-content\/uploads\/2021\/02\/IMG_20210202_134621-300x224.jpg 300w, https:\/\/wpa-products.com\/wp-content\/uploads\/2021\/02\/IMG_20210202_134621-1024x766.jpg 1024w, https:\/\/wpa-products.com\/wp-content\/uploads\/2021\/02\/IMG_20210202_134621-768x575.jpg 768w, https:\/\/wpa-products.com\/wp-content\/uploads\/2021\/02\/IMG_20210202_134621-1536x1149.jpg 1536w, https:\/\/wpa-products.com\/wp-content\/uploads\/2021\/02\/IMG_20210202_134621-2048x1532.jpg 2048w, https:\/\/wpa-products.com\/wp-content\/uploads\/2021\/02\/IMG_20210202_134621-16x12.jpg 16w\" sizes=\"(max-width: 2560px) 100vw, 2560px\" \/><div class=\"wp-block-cover__inner-container is-layout-flow wp-block-cover-is-layout-flow\">\n<p class=\"has-text-align-center has-large-font-size\">Entdecken Sie das neue Abrasiv Dosiersystem &#8211; WPA-ADS300<\/p>\n\n\n\n<div class=\"ghostkit-button-wrapper ghostkit-button-wrapper-gap-md ghostkit-button-wrapper-align-center\"><div class=\"ghostkit-button-wrapper-inner\">\n<a class=\"ghostkit-button ghostkit-button-md\" href=\"https:\/\/wpa-products.com\/abrasiv-dosier-system-wpa-ads300\/\"><span class=\"ghostkit-button-text\">Jetzt mehr erfahren!<\/span><\/a>\n<\/div><\/div>\n<\/div><\/div>\n\n\n\n<div style=\"height:20px\" aria-hidden=\"true\" class=\"wp-block-spacer\"><\/div>\n\n\n\n<h2 class=\"wp-block-heading\" id=\"hp-pumpen-fur-einen-reibungslosen-arbeitsablauf\">HP-Pumpen f\u00fcr einen reibungslosen Arbeitsablauf<\/h2>\n\n\n\n<div class=\"cards cards-expanded\">\n  \n              <a href=\"https:\/\/techniwaterjet.eu\" rel=\"noopener\">        <div class=\"card \"  >\n                <div class=\"card-image-container \">\n                                    <img decoding=\"async\" class=\"card-background\" src=\"https:\/\/wpa-products.com\/wp-content\/uploads\/2021\/03\/quantumnxt-min.jpg\">\n                      <\/div>\n                    <div class=\"text-container\">\n            <h3 class=\"card-title\"><b>QUANTUM NXT\u2122<\/b><\/h3>\n                        <div class=\"description\"><p>Die Quantum NXT enth\u00e4lt eine Technologie aus dem Space-Shuttle-Programm der NASA, die es erm\u00f6glicht, 60 % effizienter zu werden als herk\u00f6mmliche hydraulische Druck\u00fcbersetzer.<\/p>\n<\/div>\n                          <div class=\"card-button\"> More <i class=\"fas fa-arrow-right\"><\/i><\/div>\n                      <\/div>\n        <\/div>\n        <\/a>\n      \n  \n<\/div>\n\n\n\n<div style=\"height:20px\" aria-hidden=\"true\" class=\"wp-block-spacer\"><\/div>\n\n\n\n<h2 class=\"wp-block-heading\" id=\"software\">Unsere Software f\u00fcr Wasserstrahlschneidemaschinen<\/h2>\n\n\n\n<div class=\"cards cards-expanded\">\n  \n              <a href=\"https:\/\/wpa-products.com\/de\/software\/libellula-cut\/\">        <div class=\"card \"  >\n                <div class=\"card-image-container \">\n                                    <img decoding=\"async\" class=\"card-background\" src=\"https:\/\/wpa-products.com\/wp-content\/uploads\/2020\/11\/feature_cut-1024x367.jpg\">\n                      <\/div>\n                    <div class=\"text-container\">\n            <h3 class=\"card-title\"><b>Libellula.CUT<\/b><\/h3>\n                        <div class=\"description\"><p>Alle geometrischen Parameter mit nur einem Klick einstellen. Effizienter fertigen.<\/p>\n<\/div>\n                          <div class=\"card-button\"> More <i class=\"fas fa-arrow-right\"><\/i><\/div>\n                      <\/div>\n        <\/div>\n        <\/a>\n              <a href=\"https:\/\/wpa-products.com\/de\/software\/libellula-nexting\/\">        <div class=\"card \"  >\n                <div class=\"card-image-container \">\n                                    <img decoding=\"async\" class=\"card-background\" src=\"https:\/\/wpa-products.com\/wp-content\/uploads\/2020\/11\/feature_nexting-1024x367.jpg\">\n                      <\/div>\n                    <div class=\"text-container\">\n            <h3 class=\"card-title\"><b>Libellula.NeXting<\/b><\/h3>\n                        <div class=\"description\"><p>Die Zukunft des Nesting. Mit neuster Nesting Technik Zeit, Material und Geld sparen.<\/p>\n<\/div>\n                          <div class=\"card-button\"> More <i class=\"fas fa-arrow-right\"><\/i><\/div>\n                      <\/div>\n        <\/div>\n        <\/a>\n              <a href=\"https:\/\/wpa-products.com\/de\/software\/libellula-wizard\/\">        <div class=\"card \"  >\n                <div class=\"card-image-container \">\n                                    <img decoding=\"async\" class=\"card-background\" src=\"https:\/\/wpa-products.com\/wp-content\/uploads\/2020\/11\/feature_wizard-1024x367.jpg\">\n                      <\/div>\n                    <div class=\"text-container\">\n            <h3 class=\"card-title\"><b>Libellula.Wizard<\/b><\/h3>\n                        <div class=\"description\"><p>Verschachtelung, Parameter und Maschinenprogrammierung in nur 4 Schritten.<\/p>\n<\/div>\n                          <div class=\"card-button\"> More <i class=\"fas fa-arrow-right\"><\/i><\/div>\n                      <\/div>\n        <\/div>\n        <\/a>\n      \n  \n<\/div>\n\n\n\n<div style=\"height:25px\" aria-hidden=\"true\" class=\"wp-block-spacer\"><\/div>\n\n\n\n<div style=\"height:25px\" aria-hidden=\"true\" class=\"wp-block-spacer\"><\/div>\n\n\n\n<h2 class=\"wp-block-heading\" id=\"ueber-uns\">Wir sind f\u00fcr Sie da. In Karlsruhe, regional, bundes- und europaweit.<\/h2>\n\n\n\n<div class=\"wp-block-columns is-layout-flex wp-container-core-columns-is-layout-1 wp-block-columns-is-layout-flex\">\n<div class=\"wp-block-column is-layout-flow wp-block-column-is-layout-flow\">\n<div class=\"ghostkit-icon-box\"><div class=\"ghostkit-icon-box-icon ghostkit-icon-box-icon-align-left\"><svg class=\"ghostkit-svg-icon ghostkit-svg-icon-fa\" aria-hidden=\"true\" role=\"img\" xmlns=\"http:\/\/www.w3.org\/2000\/svg\" viewBox=\"0 0 640 512\"><path fill=\"currentColor\" d=\"M616 192H480V24c0-13.26-10.74-24-24-24H312c-13.26 0-24 10.74-24 24v72h-64V16c0-8.84-7.16-16-16-16h-16c-8.84 0-16 7.16-16 16v80h-64V16c0-8.84-7.16-16-16-16H80c-8.84 0-16 7.16-16 16v80H24c-13.26 0-24 10.74-24 24v360c0 17.67 14.33 32 32 32h576c17.67 0 32-14.33 32-32V216c0-13.26-10.75-24-24-24zM128 404c0 6.63-5.37 12-12 12H76c-6.63 0-12-5.37-12-12v-40c0-6.63 5.37-12 12-12h40c6.63 0 12 5.37 12 12v40zm0-96c0 6.63-5.37 12-12 12H76c-6.63 0-12-5.37-12-12v-40c0-6.63 5.37-12 12-12h40c6.63 0 12 5.37 12 12v40zm0-96c0 6.63-5.37 12-12 12H76c-6.63 0-12-5.37-12-12v-40c0-6.63 5.37-12 12-12h40c6.63 0 12 5.37 12 12v40zm128 192c0 6.63-5.37 12-12 12h-40c-6.63 0-12-5.37-12-12v-40c0-6.63 5.37-12 12-12h40c6.63 0 12 5.37 12 12v40zm0-96c0 6.63-5.37 12-12 12h-40c-6.63 0-12-5.37-12-12v-40c0-6.63 5.37-12 12-12h40c6.63 0 12 5.37 12 12v40zm0-96c0 6.63-5.37 12-12 12h-40c-6.63 0-12-5.37-12-12v-40c0-6.63 5.37-12 12-12h40c6.63 0 12 5.37 12 12v40zm160 96c0 6.63-5.37 12-12 12h-40c-6.63 0-12-5.37-12-12v-40c0-6.63 5.37-12 12-12h40c6.63 0 12 5.37 12 12v40zm0-96c0 6.63-5.37 12-12 12h-40c-6.63 0-12-5.37-12-12v-40c0-6.63 5.37-12 12-12h40c6.63 0 12 5.37 12 12v40zm0-96c0 6.63-5.37 12-12 12h-40c-6.63 0-12-5.37-12-12V76c0-6.63 5.37-12 12-12h40c6.63 0 12 5.37 12 12v40zm160 288c0 6.63-5.37 12-12 12h-40c-6.63 0-12-5.37-12-12v-40c0-6.63 5.37-12 12-12h40c6.63 0 12 5.37 12 12v40zm0-96c0 6.63-5.37 12-12 12h-40c-6.63 0-12-5.37-12-12v-40c0-6.63 5.37-12 12-12h40c6.63 0 12 5.37 12 12v40z\"><\/path><\/svg><\/div><div class=\"ghostkit-icon-box-content is-layout-flow wp-block-icon-box-is-layout-flow\">\n<h4 class=\"wp-block-heading\" id=\"bundesweit-regional\">Bundesweit &amp; Regional<\/h4>\n\n\n\n<p>Unser Hauptsitz liegt im Herzen von Baden-W\u00fcrttemberg, doch auch bundesweit sind wir f\u00fcr Sie da.<\/p>\n<\/div><\/div>\n<\/div>\n\n\n\n<div class=\"wp-block-column is-layout-flow wp-block-column-is-layout-flow\">\n<div class=\"ghostkit-icon-box\"><div class=\"ghostkit-icon-box-icon ghostkit-icon-box-icon-align-left\"><svg class=\"ghostkit-svg-icon ghostkit-svg-icon-fa\" aria-hidden=\"true\" role=\"img\" xmlns=\"http:\/\/www.w3.org\/2000\/svg\" viewBox=\"0 0 496 512\"><path fill=\"currentColor\" d=\"M248 8C111.03 8 0 119.03 0 256s111.03 248 248 248 248-111.03 248-248S384.97 8 248 8zm160 215.5v6.93c0 5.87-3.32 11.24-8.57 13.86l-15.39 7.7a15.485 15.485 0 0 1-15.53-.97l-18.21-12.14a15.52 15.52 0 0 0-13.5-1.81l-2.65.88c-9.7 3.23-13.66 14.79-7.99 23.3l13.24 19.86c2.87 4.31 7.71 6.9 12.89 6.9h8.21c8.56 0 15.5 6.94 15.5 15.5v11.34c0 3.35-1.09 6.62-3.1 9.3l-18.74 24.98c-1.42 1.9-2.39 4.1-2.83 6.43l-4.3 22.83c-.62 3.29-2.29 6.29-4.76 8.56a159.608 159.608 0 0 0-25 29.16l-13.03 19.55a27.756 27.756 0 0 1-23.09 12.36c-10.51 0-20.12-5.94-24.82-15.34a78.902 78.902 0 0 1-8.33-35.29V367.5c0-8.56-6.94-15.5-15.5-15.5h-25.88c-14.49 0-28.38-5.76-38.63-16a54.659 54.659 0 0 1-16-38.63v-14.06c0-17.19 8.1-33.38 21.85-43.7l27.58-20.69a54.663 54.663 0 0 1 32.78-10.93h.89c8.48 0 16.85 1.97 24.43 5.77l14.72 7.36c3.68 1.84 7.93 2.14 11.83.84l47.31-15.77c6.33-2.11 10.6-8.03 10.6-14.7 0-8.56-6.94-15.5-15.5-15.5h-10.09c-4.11 0-8.05-1.63-10.96-4.54l-6.92-6.92a15.493 15.493 0 0 0-10.96-4.54H199.5c-8.56 0-15.5-6.94-15.5-15.5v-4.4c0-7.11 4.84-13.31 11.74-15.04l14.45-3.61c3.74-.94 7-3.23 9.14-6.44l8.08-12.11c2.87-4.31 7.71-6.9 12.89-6.9h24.21c8.56 0 15.5-6.94 15.5-15.5v-21.7C359.23 71.63 422.86 131.02 441.93 208H423.5c-8.56 0-15.5 6.94-15.5 15.5z\"><\/path><\/svg><\/div><div class=\"ghostkit-icon-box-content is-layout-flow wp-block-icon-box-is-layout-flow\">\n<h4 class=\"wp-block-heading\" id=\"europaweit\">Europaweit<\/h4>\n\n\n\n<p>Kunden in ganz Europa vertrauen uns mit ihren Projekten. Wir betreuen Sie verl\u00e4sslich, auch europaweit.<\/p>\n<\/div><\/div>\n<\/div>\n<\/div>\n\n\n\n<div style=\"height:25px\" aria-hidden=\"true\" class=\"wp-block-spacer\"><\/div>\n\n\n\n<div style=\"height:25px\" aria-hidden=\"true\" class=\"wp-block-spacer\"><\/div>\n\n\n\n<p class=\"has-large-font-size\">Unsere Erfahrung ist Ihre Erfahrung.<\/p>\n\n\n\n<div class=\"wp-block-media-text alignwide has-media-on-the-right is-stacked-on-mobile\" style=\"grid-template-columns:auto 45%\"><div class=\"wp-block-media-text__content\">\n<p class=\"has-text-align-left\">Mit 20 Jahren Erfahrung in der Wasserstrahlindustrie bietet unser Team fachliche und technische Expertise durch individuelle Beratung, ma\u00dfgeschneiderte Trainingsm\u00f6glichkeiten und innovative Produkte. Mit unseren Dienstleistungen optimieren Sie Produktionsprozesse, erh\u00f6hen die Nachhaltigkeit Ihrer Produktion und senken mittel- und langfristige Kosten. Gemeinsam mit Ihnen entwickeln und realisieren wir innovative L\u00f6sungen.<\/p>\n<\/div><figure class=\"wp-block-media-text__media\"><img loading=\"lazy\" decoding=\"async\" width=\"1024\" height=\"587\" src=\"http:\/\/wpa-products.com\/wp-content\/uploads\/2020\/08\/aussen-1024x587.jpg\" alt=\"\" class=\"wp-image-199 size-full\" srcset=\"https:\/\/wpa-products.com\/wp-content\/uploads\/2020\/08\/aussen-1024x587.jpg 1024w, https:\/\/wpa-products.com\/wp-content\/uploads\/2020\/08\/aussen-300x172.jpg 300w, https:\/\/wpa-products.com\/wp-content\/uploads\/2020\/08\/aussen-768x440.jpg 768w, https:\/\/wpa-products.com\/wp-content\/uploads\/2020\/08\/aussen-1536x880.jpg 1536w, https:\/\/wpa-products.com\/wp-content\/uploads\/2020\/08\/aussen.jpg 1800w\" sizes=\"(max-width: 1024px) 100vw, 1024px\" \/><\/figure><\/div>\n\n\n\n<div style=\"height:50px\" aria-hidden=\"true\" class=\"wp-block-spacer\"><\/div>\n\n\n\n<p><\/p>\n","protected":false},"excerpt":{"rendered":"<p>Wasserstrahl-Produkte f\u00fcr einen perfekten Workflow Jahrzehntelange Erfahrung, individuelle Beratung, ma\u00dfgeschneiderte Trainingsm\u00f6glichkeiten und innovative Produkte: Dies sind die Gr\u00fcnde, weshalb die Waterjet Production Academy GmbH zu der Adresse geworden ist, wenn es um zuverl\u00e4ssige Expertise in der Wasserstrahl-Technik geht. Unser neuartiges Abrasiv Dosier System HP-Pumpen f\u00fcr einen reibungslosen Arbeitsablauf Unsere Software f\u00fcr Wasserstrahlschneidemaschinen Wir sind f\u00fcr [&hellip;]<\/p>\n","protected":false},"author":2,"featured_media":0,"parent":0,"menu_order":0,"comment_status":"closed","ping_status":"closed","template":"","meta":{"_acf_changed":false,"ghostkit_customizer_options":"","ghostkit_custom_css":"","ghostkit_custom_js_head":"","ghostkit_custom_js_foot":"","ghostkit_typography":"","site-sidebar-layout":"default","site-content-layout":"default","ast-site-content-layout":"default","site-content-style":"default","site-sidebar-style":"default","ast-global-header-display":"","ast-banner-title-visibility":"","ast-main-header-display":"","ast-hfb-above-header-display":"","ast-hfb-below-header-display":"","ast-hfb-mobile-header-display":"","site-post-title":"disabled","ast-breadcrumbs-content":"","ast-featured-img":"disabled","footer-sml-layout":"","theme-transparent-header-meta":"default","adv-header-id-meta":"","stick-header-meta":"default","header-above-stick-meta":"","header-main-stick-meta":"","header-below-stick-meta":"","astra-migrate-meta-layouts":"set","ast-page-background-enabled":"default","ast-page-background-meta":{"desktop":{"background-color":"","background-image":"","background-repeat":"repeat","background-position":"center center","background-size":"auto","background-attachment":"scroll","background-type":"","background-media":"","overlay-type":"","overlay-color":"","overlay-gradient":""},"tablet":{"background-color":"","background-image":"","background-repeat":"repeat","background-position":"center center","background-size":"auto","background-attachment":"scroll","background-type":"","background-media":"","overlay-type":"","overlay-color":"","overlay-gradient":""},"mobile":{"background-color":"","background-image":"","background-repeat":"repeat","background-position":"center center","background-size":"auto","background-attachment":"scroll","background-type":"","background-media":"","overlay-type":"","overlay-color":"","overlay-gradient":""}},"ast-content-background-meta":{"desktop":{"background-color":"var(--ast-global-color-5)","background-image":"","background-repeat":"repeat","background-position":"center center","background-size":"auto","background-attachment":"scroll","background-type":"","background-media":"","overlay-type":"","overlay-color":"","overlay-gradient":""},"tablet":{"background-color":"var(--ast-global-color-5)","background-image":"","background-repeat":"repeat","background-position":"center center","background-size":"auto","background-attachment":"scroll","background-type":"","background-media":"","overlay-type":"","overlay-color":"","overlay-gradient":""},"mobile":{"background-color":"var(--ast-global-color-5)","background-image":"","background-repeat":"repeat","background-position":"center center","background-size":"auto","background-attachment":"scroll","background-type":"","background-media":"","overlay-type":"","overlay-color":"","overlay-gradient":""}},"footnotes":""},"acf":[],"_links":{"self":[{"href":"https:\/\/wpa-products.com\/de\/wp-json\/wp\/v2\/pages\/100"}],"collection":[{"href":"https:\/\/wpa-products.com\/de\/wp-json\/wp\/v2\/pages"}],"about":[{"href":"https:\/\/wpa-products.com\/de\/wp-json\/wp\/v2\/types\/page"}],"author":[{"embeddable":true,"href":"https:\/\/wpa-products.com\/de\/wp-json\/wp\/v2\/users\/2"}],"replies":[{"embeddable":true,"href":"https:\/\/wpa-products.com\/de\/wp-json\/wp\/v2\/comments?post=100"}],"version-history":[{"count":9,"href":"https:\/\/wpa-products.com\/de\/wp-json\/wp\/v2\/pages\/100\/revisions"}],"predecessor-version":[{"id":1425,"href":"https:\/\/wpa-products.com\/de\/wp-json\/wp\/v2\/pages\/100\/revisions\/1425"}],"wp:attachment":[{"href":"https:\/\/wpa-products.com\/de\/wp-json\/wp\/v2\/media?parent=100"}],"curies":[{"name":"wp","href":"https:\/\/api.w.org\/{rel}","templated":true}]}}